{"id":1155,"date":"2021-04-11T11:23:59","date_gmt":"2021-04-11T09:23:59","guid":{"rendered":"https:\/\/stephan-buth.de\/?page_id=1155"},"modified":"2021-07-09T12:48:16","modified_gmt":"2021-07-09T10:48:16","slug":"panoramabild-lubeck-koberg","status":"publish","type":"page","link":"https:\/\/stephan-buth.de\/en\/panoramabild-lubeck-koberg","title":{"rendered":"Panoramabild L\u00fcbeck &#8211; Koberg"},"content":{"rendered":"<div data-elementor-type=\"wp-page\" data-elementor-id=\"1155\" class=\"elementor elementor-1155\">\n\t\t\t\t\t\t<header class=\"elementor-section elementor-top-section elementor-element elementor-element-37b4cafa elementor-section-boxed elementor-section-height-default elementor-section-height-default\" data-id=\"37b4cafa\" data-element_type=\"section\" data-e-type=\"section\">\n\t\t\t\t\t\t<div class=\"elementor-container elementor-column-gap-default\">\n\t\t\t\t\t<div class=\"elementor-column elementor-col-100 elementor-top-column elementor-element elementor-element-655cf5d5\" data-id=\"655cf5d5\" data-element_type=\"column\" data-e-type=\"column\">\n\t\t\t<div class=\"elementor-widget-wrap elementor-element-populated\">\n\t\t\t\t\t\t<div class=\"elementor-element elementor-element-1b6c92 elementor-widget elementor-widget-heading\" data-id=\"1b6c92\" data-element_type=\"widget\" data-e-type=\"widget\" data-widget_type=\"heading.default\">\n\t\t\t\t<div class=\"elementor-widget-container\">\n\t\t\t\t\t<h2 class=\"elementor-heading-title elementor-size-default\">Panorama-image: Koberg Luebeck<\/h2>\t\t\t\t<\/div>\n\t\t\t\t<\/div>\n\t\t\t\t\t<\/div>\n\t\t<\/div>\n\t\t\t\t\t<\/div>\n\t\t<\/header>\n\t\t\t\t<section class=\"elementor-section elementor-top-section elementor-element elementor-element-d63a2b4 elementor-section-content-middle elementor-section-boxed elementor-section-height-default elementor-section-height-default\" data-id=\"d63a2b4\" data-element_type=\"section\" data-e-type=\"section\">\n\t\t\t\t\t\t<div class=\"elementor-container elementor-column-gap-default\">\n\t\t\t\t\t<div class=\"elementor-column elementor-col-100 elementor-top-column elementor-element elementor-element-e5125e2\" data-id=\"e5125e2\" data-element_type=\"column\" data-e-type=\"column\">\n\t\t\t<div class=\"elementor-widget-wrap elementor-element-populated\">\n\t\t\t\t\t\t<div class=\"elementor-element elementor-element-6d5c065e elementor-widget elementor-widget-text-editor\" data-id=\"6d5c065e\" data-element_type=\"widget\" data-e-type=\"widget\" data-widget_type=\"text-editor.default\">\n\t\t\t\t<div class=\"elementor-widget-container\">\n\t\t\t\t\t\t\t\t\t<iframe src=\"\/wp-content\/uploads\/panos\/pano_koberg\/pano_koberg_luebeck.html\" width=\"700\" height=\"350\" frameborder=\"0\"><\/iframe>\t\t\t\t\t\t\t\t<\/div>\n\t\t\t\t<\/div>\n\t\t\t\t\t<\/div>\n\t\t<\/div>\n\t\t\t\t\t<\/div>\n\t\t<\/section>\n\t\t\t\t<section class=\"elementor-section elementor-top-section elementor-element elementor-element-345addc9 elementor-section-boxed elementor-section-height-default elementor-section-height-default\" data-id=\"345addc9\" data-element_type=\"section\" data-e-type=\"section\">\n\t\t\t\t\t\t<div class=\"elementor-container elementor-column-gap-default\">\n\t\t\t\t\t<div class=\"elementor-column elementor-col-100 elementor-top-column elementor-element elementor-element-650a1ce3\" data-id=\"650a1ce3\" data-element_type=\"column\" data-e-type=\"column\">\n\t\t\t<div class=\"elementor-widget-wrap elementor-element-populated\">\n\t\t\t\t\t\t<div class=\"elementor-element elementor-element-4839e9aa elementor-align-center elementor-widget elementor-widget-button\" data-id=\"4839e9aa\" data-element_type=\"widget\" data-e-type=\"widget\" data-widget_type=\"button.default\">\n\t\t\t\t<div class=\"elementor-widget-container\">\n\t\t\t\t\t\t\t\t\t<div class=\"elementor-button-wrapper\">\n\t\t\t\t\t<a class=\"elementor-button elementor-button-link elementor-size-sm\" href=\"https:\/\/stephan-buth.de\/en\/panorama-lubeck\/\">\n\t\t\t\t\t\t<span class=\"elementor-button-content-wrapper\">\n\t\t\t\t\t\t\t\t\t<span class=\"elementor-button-text\">Back<\/span>\n\t\t\t\t\t<\/span>\n\t\t\t\t\t<\/a>\n\t\t\t\t<\/div>\n\t\t\t\t\t\t\t\t<\/div>\n\t\t\t\t<\/div>\n\t\t\t\t\t<\/div>\n\t\t<\/div>\n\t\t\t\t\t<\/div>\n\t\t<\/section>\n\t\t\t\t<article class=\"elementor-section elementor-top-section elementor-element elementor-element-79a5b668 elementor-section-boxed elementor-section-height-default elementor-section-height-default\" data-id=\"79a5b668\" data-element_type=\"section\" data-e-type=\"section\">\n\t\t\t\t\t\t<div class=\"elementor-container elementor-column-gap-default\">\n\t\t\t\t\t<div class=\"elementor-column elementor-col-100 elementor-top-column elementor-element elementor-element-2244e201\" data-id=\"2244e201\" data-element_type=\"column\" data-e-type=\"column\">\n\t\t\t<div class=\"elementor-widget-wrap elementor-element-populated\">\n\t\t\t\t\t\t<section class=\"elementor-section elementor-inner-section elementor-element elementor-element-456d7217 elementor-section-boxed elementor-section-height-default elementor-section-height-default\" data-id=\"456d7217\" data-element_type=\"section\" data-e-type=\"section\">\n\t\t\t\t\t\t<div class=\"elementor-container elementor-column-gap-default\">\n\t\t\t\t\t<div class=\"elementor-column elementor-col-50 elementor-inner-column elementor-element elementor-element-c5ec518\" data-id=\"c5ec518\" data-element_type=\"column\" data-e-type=\"column\">\n\t\t\t<div class=\"elementor-widget-wrap elementor-element-populated\">\n\t\t\t\t\t\t<div class=\"elementor-element elementor-element-7088c05b elementor-widget elementor-widget-text-editor\" data-id=\"7088c05b\" data-element_type=\"widget\" data-e-type=\"widget\" data-widget_type=\"text-editor.default\">\n\t\t\t\t<div class=\"elementor-widget-container\">\n\t\t\t\t\t\t\t\t\t<p>The <a href=\"https:\/\/www.luebeck.de\/de\/stadtleben\/tourismus\/luebeck\/sehenswuerdigkeiten\/plaetze-in-luebeck\/koberg.html\" target=\"_blank\" rel=\"noopener\">Koberg<\/a> is one of two large marketplaces in downtown Luebeck.<\/p>\t\t\t\t\t\t\t\t<\/div>\n\t\t\t\t<\/div>\n\t\t\t\t\t<\/div>\n\t\t<\/div>\n\t\t\t\t<div class=\"elementor-column elementor-col-50 elementor-inner-column elementor-element elementor-element-55251fde\" data-id=\"55251fde\" data-element_type=\"column\" data-e-type=\"column\">\n\t\t\t<div class=\"elementor-widget-wrap elementor-element-populated\">\n\t\t\t\t\t\t<div class=\"elementor-element elementor-element-1752daf4 elementor-widget elementor-widget-image\" data-id=\"1752daf4\" data-element_type=\"widget\" data-e-type=\"widget\" data-widget_type=\"image.default\">\n\t\t\t\t<div class=\"elementor-widget-container\">\n\t\t\t\t\t\t\t\t\t\t\t\t\t\t\t<img fetchpriority=\"high\" decoding=\"async\" width=\"300\" height=\"187\" src=\"https:\/\/stephan-buth.de\/wp-content\/uploads\/2021\/04\/koberg_alt-300x187.jpg\" class=\"attachment-medium size-medium wp-image-1681\" alt=\"Panoramabild L\u00fcbeck - Koberg\" srcset=\"https:\/\/stephan-buth.de\/wp-content\/uploads\/2021\/04\/koberg_alt-300x187.jpg 300w, https:\/\/stephan-buth.de\/wp-content\/uploads\/2021\/04\/koberg_alt-1024x637.jpg 1024w, https:\/\/stephan-buth.de\/wp-content\/uploads\/2021\/04\/koberg_alt-768x477.jpg 768w, https:\/\/stephan-buth.de\/wp-content\/uploads\/2021\/04\/koberg_alt-16x10.jpg 16w, https:\/\/stephan-buth.de\/wp-content\/uploads\/2021\/04\/koberg_alt.jpg 1245w\" sizes=\"(max-width: 300px) 100vw, 300px\" title=\"\">\t\t\t\t\t\t\t\t\t\t\t\t\t\t\t<\/div>\n\t\t\t\t<\/div>\n\t\t\t\t\t<\/div>\n\t\t<\/div>\n\t\t\t\t\t<\/div>\n\t\t<\/section>\n\t\t\t\t\t<\/div>\n\t\t<\/div>\n\t\t\t\t\t<\/div>\n\t\t<\/article>\n\t\t\t\t<\/div>","protected":false},"excerpt":{"rendered":"<p>Panoramabild L\u00fcbeck &#8211; Koberg Zur\u00fcck Der Koberg ist einer von zwei gro\u00dfen Marktpl\u00e4tzen in der L\u00fcbecker Innenstadt.<\/p>","protected":false},"author":1,"featured_media":0,"parent":0,"menu_order":0,"comment_status":"closed","ping_status":"closed","template":"","meta":{"footnotes":""},"class_list":["post-1155","page","type-page","status-publish","hentry"],"_links":{"self":[{"href":"https:\/\/stephan-buth.de\/en\/wp-json\/wp\/v2\/pages\/1155","targetHints":{"allow":["GET"]}}],"collection":[{"href":"https:\/\/stephan-buth.de\/en\/wp-json\/wp\/v2\/pages"}],"about":[{"href":"https:\/\/stephan-buth.de\/en\/wp-json\/wp\/v2\/types\/page"}],"author":[{"embeddable":true,"href":"https:\/\/stephan-buth.de\/en\/wp-json\/wp\/v2\/users\/1"}],"replies":[{"embeddable":true,"href":"https:\/\/stephan-buth.de\/en\/wp-json\/wp\/v2\/comments?post=1155"}],"version-history":[{"count":27,"href":"https:\/\/stephan-buth.de\/en\/wp-json\/wp\/v2\/pages\/1155\/revisions"}],"predecessor-version":[{"id":1984,"href":"https:\/\/stephan-buth.de\/en\/wp-json\/wp\/v2\/pages\/1155\/revisions\/1984"}],"wp:attachment":[{"href":"https:\/\/stephan-buth.de\/en\/wp-json\/wp\/v2\/media?parent=1155"}],"curies":[{"name":"wp","href":"https:\/\/api.w.org\/{rel}","templated":true}]}}