{"id":1174,"date":"2021-04-11T11:45:52","date_gmt":"2021-04-11T09:45:52","guid":{"rendered":"https:\/\/stephan-buth.de\/?page_id=1174"},"modified":"2021-07-09T12:47:04","modified_gmt":"2021-07-09T10:47:04","slug":"panorama-lubeck-hansemuseum-terrasse","status":"publish","type":"page","link":"https:\/\/stephan-buth.de\/en\/panorama-lubeck-hansemuseum-terrasse","title":{"rendered":"Panorama L\u00fcbeck Hansemuseum &#8211; Terrasse"},"content":{"rendered":"<div data-elementor-type=\"wp-page\" data-elementor-id=\"1174\" class=\"elementor elementor-1174\">\n\t\t\t\t\t\t<header class=\"elementor-section elementor-top-section elementor-element elementor-element-67c86ff3 elementor-section-boxed elementor-section-height-default elementor-section-height-default\" data-id=\"67c86ff3\" data-element_type=\"section\" data-e-type=\"section\">\n\t\t\t\t\t\t<div class=\"elementor-container elementor-column-gap-default\">\n\t\t\t\t\t<div class=\"elementor-column elementor-col-100 elementor-top-column elementor-element elementor-element-73d534ec\" data-id=\"73d534ec\" data-element_type=\"column\" data-e-type=\"column\">\n\t\t\t<div class=\"elementor-widget-wrap elementor-element-populated\">\n\t\t\t\t\t\t<div class=\"elementor-element elementor-element-21cd757b elementor-widget elementor-widget-heading\" data-id=\"21cd757b\" data-element_type=\"widget\" data-e-type=\"widget\" data-widget_type=\"heading.default\">\n\t\t\t\t<div class=\"elementor-widget-container\">\n\t\t\t\t\t<h2 class=\"elementor-heading-title elementor-size-default\"><span style=\"font-family: Roboto;font-size: 50px;letter-spacing: normal;text-align: start\">Panorama Luebeck - Hanseatic Museum Terrace<\/span><\/h2>\t\t\t\t<\/div>\n\t\t\t\t<\/div>\n\t\t\t\t\t<\/div>\n\t\t<\/div>\n\t\t\t\t\t<\/div>\n\t\t<\/header>\n\t\t\t\t<section class=\"elementor-section elementor-top-section elementor-element elementor-element-4181fba elementor-section-content-middle elementor-section-boxed elementor-section-height-default elementor-section-height-default\" data-id=\"4181fba\" data-element_type=\"section\" data-e-type=\"section\">\n\t\t\t\t\t\t<div class=\"elementor-container elementor-column-gap-default\">\n\t\t\t\t\t<div class=\"elementor-column elementor-col-100 elementor-top-column elementor-element elementor-element-4f634fac\" data-id=\"4f634fac\" data-element_type=\"column\" data-e-type=\"column\">\n\t\t\t<div class=\"elementor-widget-wrap elementor-element-populated\">\n\t\t\t\t\t\t<div class=\"elementor-element elementor-element-5a92c033 elementor-widget elementor-widget-text-editor\" data-id=\"5a92c033\" data-element_type=\"widget\" data-e-type=\"widget\" data-widget_type=\"text-editor.default\">\n\t\t\t\t<div class=\"elementor-widget-container\">\n\t\t\t\t\t\t\t\t\t<iframe src=\"\/wp-content\/uploads\/panos\/pano_hansemuseum\/pano_hansemuseum.html\" width=\"594\" height=\"297\" frameborder=\"0\"><\/iframe>\t\t\t\t\t\t\t\t<\/div>\n\t\t\t\t<\/div>\n\t\t\t\t\t<\/div>\n\t\t<\/div>\n\t\t\t\t\t<\/div>\n\t\t<\/section>\n\t\t\t\t<section class=\"elementor-section elementor-top-section elementor-element elementor-element-6126318e elementor-section-boxed elementor-section-height-default elementor-section-height-default\" data-id=\"6126318e\" data-element_type=\"section\" data-e-type=\"section\">\n\t\t\t\t\t\t<div class=\"elementor-container elementor-column-gap-default\">\n\t\t\t\t\t<div class=\"elementor-column elementor-col-100 elementor-top-column elementor-element elementor-element-57f2221\" data-id=\"57f2221\" data-element_type=\"column\" data-e-type=\"column\">\n\t\t\t<div class=\"elementor-widget-wrap elementor-element-populated\">\n\t\t\t\t\t\t<div class=\"elementor-element elementor-element-16353d1f elementor-align-center elementor-widget elementor-widget-button\" data-id=\"16353d1f\" data-element_type=\"widget\" data-e-type=\"widget\" data-widget_type=\"button.default\">\n\t\t\t\t<div class=\"elementor-widget-container\">\n\t\t\t\t\t\t\t\t\t<div class=\"elementor-button-wrapper\">\n\t\t\t\t\t<a class=\"elementor-button elementor-button-link elementor-size-sm\" href=\"https:\/\/stephan-buth.de\/en\/panorama-lubeck\/\">\n\t\t\t\t\t\t<span class=\"elementor-button-content-wrapper\">\n\t\t\t\t\t\t\t\t\t<span class=\"elementor-button-text\">Back<\/span>\n\t\t\t\t\t<\/span>\n\t\t\t\t\t<\/a>\n\t\t\t\t<\/div>\n\t\t\t\t\t\t\t\t<\/div>\n\t\t\t\t<\/div>\n\t\t\t\t\t<\/div>\n\t\t<\/div>\n\t\t\t\t\t<\/div>\n\t\t<\/section>\n\t\t\t\t<article class=\"elementor-section elementor-top-section elementor-element elementor-element-1e977dfe elementor-section-boxed elementor-section-height-default elementor-section-height-default\" data-id=\"1e977dfe\" data-element_type=\"section\" data-e-type=\"section\">\n\t\t\t\t\t\t<div class=\"elementor-container elementor-column-gap-default\">\n\t\t\t\t\t<div class=\"elementor-column elementor-col-100 elementor-top-column elementor-element elementor-element-5ae9d4bc\" data-id=\"5ae9d4bc\" data-element_type=\"column\" data-e-type=\"column\">\n\t\t\t<div class=\"elementor-widget-wrap elementor-element-populated\">\n\t\t\t\t\t\t<section class=\"elementor-section elementor-inner-section elementor-element elementor-element-1db39131 elementor-section-boxed elementor-section-height-default elementor-section-height-default\" data-id=\"1db39131\" data-element_type=\"section\" data-e-type=\"section\">\n\t\t\t\t\t\t<div class=\"elementor-container elementor-column-gap-default\">\n\t\t\t\t\t<div class=\"elementor-column elementor-col-50 elementor-inner-column elementor-element elementor-element-471d5121\" data-id=\"471d5121\" data-element_type=\"column\" data-e-type=\"column\">\n\t\t\t<div class=\"elementor-widget-wrap elementor-element-populated\">\n\t\t\t\t\t\t<div class=\"elementor-element elementor-element-1edf875 elementor-widget elementor-widget-text-editor\" data-id=\"1edf875\" data-element_type=\"widget\" data-e-type=\"widget\" data-widget_type=\"text-editor.default\">\n\t\t\t\t<div class=\"elementor-widget-container\">\n\t\t\t\t\t\t\t\t\t<p>The\u00a0<a href=\"https:\/\/www.hansemuseum.eu\/\" target=\"_blank\" rel=\"noopener\">European Hanseatic Museum<\/a>\u00a0in Luebeck opened in May 2015.<br \/>From the viewing terrace on the roof you can see the Untertrave and the historic storage sheds. Also recognizable: The\u00a0<a href=\"https:\/\/www.luebeck.de\/de\/stadtleben\/tourismus\/luebeck\/sehenswuerdigkeiten\/stadttore\/burgtor.html\" target=\"_blank\" rel=\"noopener\">Burgtor<\/a>\u00a0and the\u00a0<a href=\"https:\/\/www.luebeck.de\/de\/stadtleben\/tourismus\/luebeck\/sehenswuerdigkeiten\/bruecken-von-luebeck\/hubbruecken.html\" target=\"_blank\" rel=\"noopener\">Lifting Bridges<\/a>.<\/p><p>Shot: 17.04.2021<br \/>Size: 214 Megapixel<\/p>\t\t\t\t\t\t\t\t<\/div>\n\t\t\t\t<\/div>\n\t\t\t\t\t<\/div>\n\t\t<\/div>\n\t\t\t\t<div class=\"elementor-column elementor-col-50 elementor-inner-column elementor-element elementor-element-1b1413e0\" data-id=\"1b1413e0\" data-element_type=\"column\" data-e-type=\"column\">\n\t\t\t<div class=\"elementor-widget-wrap elementor-element-populated\">\n\t\t\t\t\t\t<div class=\"elementor-element elementor-element-62d88ecc elementor-widget elementor-widget-image\" data-id=\"62d88ecc\" data-element_type=\"widget\" data-e-type=\"widget\" data-widget_type=\"image.default\">\n\t\t\t\t<div class=\"elementor-widget-container\">\n\t\t\t\t\t\t\t\t\t\t\t\t\t\t\t<img decoding=\"async\" width=\"300\" height=\"141\" src=\"https:\/\/stephan-buth.de\/wp-content\/uploads\/2021\/04\/hansemuseum_alt-300x141.jpg\" class=\"attachment-medium size-medium wp-image-1727\" alt=\"Panorama L\u00fcbeck Hansemuseum - Terrasse\" srcset=\"https:\/\/stephan-buth.de\/wp-content\/uploads\/2021\/04\/hansemuseum_alt-300x141.jpg 300w, https:\/\/stephan-buth.de\/wp-content\/uploads\/2021\/04\/hansemuseum_alt-1024x480.jpg 1024w, https:\/\/stephan-buth.de\/wp-content\/uploads\/2021\/04\/hansemuseum_alt-768x360.jpg 768w, https:\/\/stephan-buth.de\/wp-content\/uploads\/2021\/04\/hansemuseum_alt-16x7.jpg 16w, https:\/\/stephan-buth.de\/wp-content\/uploads\/2021\/04\/hansemuseum_alt.jpg 1231w\" sizes=\"(max-width: 300px) 100vw, 300px\" title=\"\">\t\t\t\t\t\t\t\t\t\t\t\t\t\t\t<\/div>\n\t\t\t\t<\/div>\n\t\t\t\t\t<\/div>\n\t\t<\/div>\n\t\t\t\t\t<\/div>\n\t\t<\/section>\n\t\t\t\t\t<\/div>\n\t\t<\/div>\n\t\t\t\t\t<\/div>\n\t\t<\/article>\n\t\t\t\t<\/div>","protected":false},"excerpt":{"rendered":"<p>PANORAMA L\u00dcBECK &#8211; HANSEMUSEUM TERRASSE Zur\u00fcck Das\u00a0Europ\u00e4ische Hansemuseum\u00a0in L\u00fcbeck wurde im Mai 2015 er\u00f6ffnet.Von der Aussichtsterrasse auf dem Dach blickt man auf die Untertrave und die historischen Lagerschuppen. Ebenfalls zu erkennen: Das\u00a0Burgtor\u00a0und die\u00a0Hubbr\u00fccken. Aufnahme: 10.04.2021Gr\u00f6\u00dfe: 214 Megapixel<\/p>","protected":false},"author":1,"featured_media":0,"parent":0,"menu_order":0,"comment_status":"closed","ping_status":"closed","template":"","meta":{"footnotes":""},"class_list":["post-1174","page","type-page","status-publish","hentry"],"_links":{"self":[{"href":"https:\/\/stephan-buth.de\/en\/wp-json\/wp\/v2\/pages\/1174","targetHints":{"allow":["GET"]}}],"collection":[{"href":"https:\/\/stephan-buth.de\/en\/wp-json\/wp\/v2\/pages"}],"about":[{"href":"https:\/\/stephan-buth.de\/en\/wp-json\/wp\/v2\/types\/page"}],"author":[{"embeddable":true,"href":"https:\/\/stephan-buth.de\/en\/wp-json\/wp\/v2\/users\/1"}],"replies":[{"embeddable":true,"href":"https:\/\/stephan-buth.de\/en\/wp-json\/wp\/v2\/comments?post=1174"}],"version-history":[{"count":38,"href":"https:\/\/stephan-buth.de\/en\/wp-json\/wp\/v2\/pages\/1174\/revisions"}],"predecessor-version":[{"id":1977,"href":"https:\/\/stephan-buth.de\/en\/wp-json\/wp\/v2\/pages\/1174\/revisions\/1977"}],"wp:attachment":[{"href":"https:\/\/stephan-buth.de\/en\/wp-json\/wp\/v2\/media?parent=1174"}],"curies":[{"name":"wp","href":"https:\/\/api.w.org\/{rel}","templated":true}]}}