{"id":1219,"date":"2021-04-12T09:34:13","date_gmt":"2021-04-12T07:34:13","guid":{"rendered":"https:\/\/stephan-buth.de\/?page_id=1219"},"modified":"2021-07-09T12:45:38","modified_gmt":"2021-07-09T10:45:38","slug":"lubeck-panorama-kirchhof-st-jakobi","status":"publish","type":"page","link":"https:\/\/stephan-buth.de\/en\/lubeck-panorama-kirchhof-st-jakobi","title":{"rendered":"Luebeck Panorama: St.Jakobi churchyard"},"content":{"rendered":"<div data-elementor-type=\"wp-page\" data-elementor-id=\"1219\" class=\"elementor elementor-1219\">\n\t\t\t\t\t\t<header class=\"elementor-section elementor-top-section elementor-element elementor-element-57669d5c elementor-section-boxed elementor-section-height-default elementor-section-height-default\" data-id=\"57669d5c\" data-element_type=\"section\" data-e-type=\"section\">\n\t\t\t\t\t\t<div class=\"elementor-container elementor-column-gap-default\">\n\t\t\t\t\t<div class=\"elementor-column elementor-col-100 elementor-top-column elementor-element elementor-element-372d1df4\" data-id=\"372d1df4\" data-element_type=\"column\" data-e-type=\"column\">\n\t\t\t<div class=\"elementor-widget-wrap elementor-element-populated\">\n\t\t\t\t\t\t<div class=\"elementor-element elementor-element-521359f8 elementor-widget elementor-widget-heading\" data-id=\"521359f8\" data-element_type=\"widget\" data-e-type=\"widget\" data-widget_type=\"heading.default\">\n\t\t\t\t<div class=\"elementor-widget-container\">\n\t\t\t\t\t<h2 class=\"elementor-heading-title elementor-size-default\">Luebeck Panorama: St.Jakobi churchyard<\/h2>\t\t\t\t<\/div>\n\t\t\t\t<\/div>\n\t\t\t\t\t<\/div>\n\t\t<\/div>\n\t\t\t\t\t<\/div>\n\t\t<\/header>\n\t\t\t\t<section class=\"elementor-section elementor-top-section elementor-element elementor-element-44f044d elementor-section-content-middle elementor-section-boxed elementor-section-height-default elementor-section-height-default\" data-id=\"44f044d\" data-element_type=\"section\" data-e-type=\"section\">\n\t\t\t\t\t\t<div class=\"elementor-container elementor-column-gap-default\">\n\t\t\t\t\t<div class=\"elementor-column elementor-col-100 elementor-top-column elementor-element elementor-element-79f3eaff\" data-id=\"79f3eaff\" data-element_type=\"column\" data-e-type=\"column\">\n\t\t\t<div class=\"elementor-widget-wrap elementor-element-populated\">\n\t\t\t\t\t\t<div class=\"elementor-element elementor-element-4cf15215 elementor-widget elementor-widget-text-editor\" data-id=\"4cf15215\" data-element_type=\"widget\" data-e-type=\"widget\" data-widget_type=\"text-editor.default\">\n\t\t\t\t<div class=\"elementor-widget-container\">\n\t\t\t\t\t\t\t\t\t<iframe src=\"\/wp-content\/uploads\/panos\/pano_jakobi_kirchhof\/jakobi_kirchhof.html\" width=\"700\" height=\"350\" frameborder=\"0\"><\/iframe>\t\t\t\t\t\t\t\t<\/div>\n\t\t\t\t<\/div>\n\t\t\t\t\t<\/div>\n\t\t<\/div>\n\t\t\t\t\t<\/div>\n\t\t<\/section>\n\t\t\t\t<section class=\"elementor-section elementor-top-section elementor-element elementor-element-2ff2fd0e elementor-section-boxed elementor-section-height-default elementor-section-height-default\" data-id=\"2ff2fd0e\" data-element_type=\"section\" data-e-type=\"section\">\n\t\t\t\t\t\t<div class=\"elementor-container elementor-column-gap-default\">\n\t\t\t\t\t<div class=\"elementor-column elementor-col-100 elementor-top-column elementor-element elementor-element-c720802\" data-id=\"c720802\" data-element_type=\"column\" data-e-type=\"column\">\n\t\t\t<div class=\"elementor-widget-wrap elementor-element-populated\">\n\t\t\t\t\t\t<div class=\"elementor-element elementor-element-669675db elementor-align-center elementor-widget elementor-widget-button\" data-id=\"669675db\" data-element_type=\"widget\" data-e-type=\"widget\" data-widget_type=\"button.default\">\n\t\t\t\t<div class=\"elementor-widget-container\">\n\t\t\t\t\t\t\t\t\t<div class=\"elementor-button-wrapper\">\n\t\t\t\t\t<a class=\"elementor-button elementor-button-link elementor-size-sm\" href=\"https:\/\/stephan-buth.de\/en\/panorama-lubeck\/\">\n\t\t\t\t\t\t<span class=\"elementor-button-content-wrapper\">\n\t\t\t\t\t\t\t\t\t<span class=\"elementor-button-text\">Back<\/span>\n\t\t\t\t\t<\/span>\n\t\t\t\t\t<\/a>\n\t\t\t\t<\/div>\n\t\t\t\t\t\t\t\t<\/div>\n\t\t\t\t<\/div>\n\t\t\t\t\t<\/div>\n\t\t<\/div>\n\t\t\t\t\t<\/div>\n\t\t<\/section>\n\t\t\t\t<article class=\"elementor-section elementor-top-section elementor-element elementor-element-67ae6f6 elementor-section-boxed elementor-section-height-default elementor-section-height-default\" data-id=\"67ae6f6\" data-element_type=\"section\" data-e-type=\"section\">\n\t\t\t\t\t\t<div class=\"elementor-container elementor-column-gap-default\">\n\t\t\t\t\t<div class=\"elementor-column elementor-col-100 elementor-top-column elementor-element elementor-element-3073bfcf\" data-id=\"3073bfcf\" data-element_type=\"column\" data-e-type=\"column\">\n\t\t\t<div class=\"elementor-widget-wrap elementor-element-populated\">\n\t\t\t\t\t\t<section class=\"elementor-section elementor-inner-section elementor-element elementor-element-68fb1b89 elementor-section-boxed elementor-section-height-default elementor-section-height-default\" data-id=\"68fb1b89\" data-element_type=\"section\" data-e-type=\"section\">\n\t\t\t\t\t\t<div class=\"elementor-container elementor-column-gap-default\">\n\t\t\t\t\t<div class=\"elementor-column elementor-col-50 elementor-inner-column elementor-element elementor-element-308f7780\" data-id=\"308f7780\" data-element_type=\"column\" data-e-type=\"column\">\n\t\t\t<div class=\"elementor-widget-wrap elementor-element-populated\">\n\t\t\t\t\t\t<div class=\"elementor-element elementor-element-79ac44c6 elementor-widget elementor-widget-text-editor\" data-id=\"79ac44c6\" data-element_type=\"widget\" data-e-type=\"widget\" data-widget_type=\"text-editor.default\">\n\t\t\t\t<div class=\"elementor-widget-container\">\n\t\t\t\t\t\t\t\t\t<p>The courtyard of the <a href=\"https:\/\/st-jakobi-luebeck.de\/\" target=\"_blank\" rel=\"noopener\">St. Jakobi Kirche<\/a> with the adjacent pastors' houses. It is worth looking up to get a rough impression of this mighty structure. This churchyard is certainly one of the most beautiful motifs in L\u00fcbeck's old town.\u00a0<\/p>\t\t\t\t\t\t\t\t<\/div>\n\t\t\t\t<\/div>\n\t\t\t\t\t<\/div>\n\t\t<\/div>\n\t\t\t\t<div class=\"elementor-column elementor-col-50 elementor-inner-column elementor-element elementor-element-76195b39\" data-id=\"76195b39\" data-element_type=\"column\" data-e-type=\"column\">\n\t\t\t<div class=\"elementor-widget-wrap elementor-element-populated\">\n\t\t\t\t\t\t<div class=\"elementor-element elementor-element-39350e08 elementor-widget elementor-widget-image\" data-id=\"39350e08\" data-element_type=\"widget\" data-e-type=\"widget\" data-widget_type=\"image.default\">\n\t\t\t\t<div class=\"elementor-widget-container\">\n\t\t\t\t\t\t\t\t\t\t\t\t\t\t\t<img fetchpriority=\"high\" decoding=\"async\" width=\"300\" height=\"171\" src=\"https:\/\/stephan-buth.de\/wp-content\/uploads\/2021\/04\/kirchhof_alt-300x171.jpg\" class=\"attachment-medium size-medium wp-image-1666\" alt=\"L\u00fcbeck Panorama - Kirchhof St. Jakobi\" srcset=\"https:\/\/stephan-buth.de\/wp-content\/uploads\/2021\/04\/kirchhof_alt-300x171.jpg 300w, https:\/\/stephan-buth.de\/wp-content\/uploads\/2021\/04\/kirchhof_alt-1024x584.jpg 1024w, https:\/\/stephan-buth.de\/wp-content\/uploads\/2021\/04\/kirchhof_alt-768x438.jpg 768w, https:\/\/stephan-buth.de\/wp-content\/uploads\/2021\/04\/kirchhof_alt-16x9.jpg 16w, https:\/\/stephan-buth.de\/wp-content\/uploads\/2021\/04\/kirchhof_alt.jpg 1460w\" sizes=\"(max-width: 300px) 100vw, 300px\" title=\"\">\t\t\t\t\t\t\t\t\t\t\t\t\t\t\t<\/div>\n\t\t\t\t<\/div>\n\t\t\t\t\t<\/div>\n\t\t<\/div>\n\t\t\t\t\t<\/div>\n\t\t<\/section>\n\t\t\t\t\t<\/div>\n\t\t<\/div>\n\t\t\t\t\t<\/div>\n\t\t<\/article>\n\t\t\t\t<\/div>","protected":false},"excerpt":{"rendered":"<p>L\u00fcbeck Panorama Kirchhof St. Jakobi Zur\u00fcck Der Hof der St. Jakobi Kirche mit den angrenzenden Pastorenh\u00e4usern. Es lohnt sich, den Blick auch nach oben zu richten, um einen ungef\u00e4hren Eindruck dieses m\u00e4chtigen Bauwerkes zu bekommen. Dieser\u00a0 Kirchhof geh\u00f6rt sicherlich zu den sch\u00f6nsten Motiven der L\u00fcbecker Altstadt.\u00a0<\/p>","protected":false},"author":1,"featured_media":0,"parent":0,"menu_order":0,"comment_status":"closed","ping_status":"closed","template":"","meta":{"footnotes":""},"class_list":["post-1219","page","type-page","status-publish","hentry"],"_links":{"self":[{"href":"https:\/\/stephan-buth.de\/en\/wp-json\/wp\/v2\/pages\/1219","targetHints":{"allow":["GET"]}}],"collection":[{"href":"https:\/\/stephan-buth.de\/en\/wp-json\/wp\/v2\/pages"}],"about":[{"href":"https:\/\/stephan-buth.de\/en\/wp-json\/wp\/v2\/types\/page"}],"author":[{"embeddable":true,"href":"https:\/\/stephan-buth.de\/en\/wp-json\/wp\/v2\/users\/1"}],"replies":[{"embeddable":true,"href":"https:\/\/stephan-buth.de\/en\/wp-json\/wp\/v2\/comments?post=1219"}],"version-history":[{"count":17,"href":"https:\/\/stephan-buth.de\/en\/wp-json\/wp\/v2\/pages\/1219\/revisions"}],"predecessor-version":[{"id":1971,"href":"https:\/\/stephan-buth.de\/en\/wp-json\/wp\/v2\/pages\/1219\/revisions\/1971"}],"wp:attachment":[{"href":"https:\/\/stephan-buth.de\/en\/wp-json\/wp\/v2\/media?parent=1219"}],"curies":[{"name":"wp","href":"https:\/\/api.w.org\/{rel}","templated":true}]}}