{"id":1315,"date":"2021-04-13T16:27:59","date_gmt":"2021-04-13T14:27:59","guid":{"rendered":"https:\/\/stephan-buth.de\/?page_id=1315"},"modified":"2021-07-09T12:45:17","modified_gmt":"2021-07-09T10:45:17","slug":"lubeck-panorama-dom-zu-lubeck-paradies","status":"publish","type":"page","link":"https:\/\/stephan-buth.de\/en\/lubeck-panorama-dom-zu-lubeck-paradies","title":{"rendered":"L\u00fcbeck Panorama Dom zu L\u00fcbeck &#8211; Paradies"},"content":{"rendered":"<div data-elementor-type=\"wp-page\" data-elementor-id=\"1315\" class=\"elementor elementor-1315\">\n\t\t\t\t\t\t<header class=\"elementor-section elementor-top-section elementor-element elementor-element-3cdfdd5 elementor-section-boxed elementor-section-height-default elementor-section-height-default\" data-id=\"3cdfdd5\" data-element_type=\"section\" data-e-type=\"section\">\n\t\t\t\t\t\t<div class=\"elementor-container elementor-column-gap-default\">\n\t\t\t\t\t<div class=\"elementor-column elementor-col-100 elementor-top-column elementor-element elementor-element-37ec641e\" data-id=\"37ec641e\" data-element_type=\"column\" data-e-type=\"column\">\n\t\t\t<div class=\"elementor-widget-wrap elementor-element-populated\">\n\t\t\t\t\t\t<div class=\"elementor-element elementor-element-34d729a9 elementor-widget elementor-widget-heading\" data-id=\"34d729a9\" data-element_type=\"widget\" data-e-type=\"widget\" data-widget_type=\"heading.default\">\n\t\t\t\t<div class=\"elementor-widget-container\">\n\t\t\t\t\t<h2 class=\"elementor-heading-title elementor-size-default\">L\u00fcbeck Panorama - Dom Paradies<\/h2>\t\t\t\t<\/div>\n\t\t\t\t<\/div>\n\t\t\t\t\t<\/div>\n\t\t<\/div>\n\t\t\t\t\t<\/div>\n\t\t<\/header>\n\t\t\t\t<section class=\"elementor-section elementor-top-section elementor-element elementor-element-1aff6ef4 elementor-section-content-middle elementor-section-boxed elementor-section-height-default elementor-section-height-default\" data-id=\"1aff6ef4\" data-element_type=\"section\" data-e-type=\"section\">\n\t\t\t\t\t\t<div class=\"elementor-container elementor-column-gap-default\">\n\t\t\t\t\t<div class=\"elementor-column elementor-col-100 elementor-top-column elementor-element elementor-element-4263c31a\" data-id=\"4263c31a\" data-element_type=\"column\" data-e-type=\"column\">\n\t\t\t<div class=\"elementor-widget-wrap elementor-element-populated\">\n\t\t\t\t\t\t<div class=\"elementor-element elementor-element-3b2bd7f4 elementor-widget elementor-widget-text-editor\" data-id=\"3b2bd7f4\" data-element_type=\"widget\" data-e-type=\"widget\" data-widget_type=\"text-editor.default\">\n\t\t\t\t<div class=\"elementor-widget-container\">\n\t\t\t\t\t\t\t\t\t<p><iframe src=\"\/wp-content\/uploads\/panos\/pano_dom_paradies\/pano_dom_paradies.html\" width=\"700\" height=\"350\" frameborder=\"0\"><\/iframe><\/p>\t\t\t\t\t\t\t\t<\/div>\n\t\t\t\t<\/div>\n\t\t\t\t\t<\/div>\n\t\t<\/div>\n\t\t\t\t\t<\/div>\n\t\t<\/section>\n\t\t\t\t<section class=\"elementor-section elementor-top-section elementor-element elementor-element-7682d1fb elementor-section-boxed elementor-section-height-default elementor-section-height-default\" data-id=\"7682d1fb\" data-element_type=\"section\" data-e-type=\"section\">\n\t\t\t\t\t\t<div class=\"elementor-container elementor-column-gap-default\">\n\t\t\t\t\t<div class=\"elementor-column elementor-col-100 elementor-top-column elementor-element elementor-element-22d92395\" data-id=\"22d92395\" data-element_type=\"column\" data-e-type=\"column\">\n\t\t\t<div class=\"elementor-widget-wrap elementor-element-populated\">\n\t\t\t\t\t\t<div class=\"elementor-element elementor-element-161aefa4 elementor-align-center elementor-widget elementor-widget-button\" data-id=\"161aefa4\" data-element_type=\"widget\" data-e-type=\"widget\" data-widget_type=\"button.default\">\n\t\t\t\t<div class=\"elementor-widget-container\">\n\t\t\t\t\t\t\t\t\t<div class=\"elementor-button-wrapper\">\n\t\t\t\t\t<a class=\"elementor-button elementor-button-link elementor-size-sm\" href=\"https:\/\/stephan-buth.de\/en\/panorama-lubeck\/\">\n\t\t\t\t\t\t<span class=\"elementor-button-content-wrapper\">\n\t\t\t\t\t\t\t\t\t<span class=\"elementor-button-text\">Back<\/span>\n\t\t\t\t\t<\/span>\n\t\t\t\t\t<\/a>\n\t\t\t\t<\/div>\n\t\t\t\t\t\t\t\t<\/div>\n\t\t\t\t<\/div>\n\t\t\t\t\t<\/div>\n\t\t<\/div>\n\t\t\t\t\t<\/div>\n\t\t<\/section>\n\t\t\t\t<article class=\"elementor-section elementor-top-section elementor-element elementor-element-3b0185a7 elementor-section-boxed elementor-section-height-default elementor-section-height-default\" data-id=\"3b0185a7\" data-element_type=\"section\" data-e-type=\"section\">\n\t\t\t\t\t\t<div class=\"elementor-container elementor-column-gap-default\">\n\t\t\t\t\t<div class=\"elementor-column elementor-col-100 elementor-top-column elementor-element elementor-element-48d12dab\" data-id=\"48d12dab\" data-element_type=\"column\" data-e-type=\"column\">\n\t\t\t<div class=\"elementor-widget-wrap elementor-element-populated\">\n\t\t\t\t\t\t<section class=\"elementor-section elementor-inner-section elementor-element elementor-element-28d4ee3 elementor-section-boxed elementor-section-height-default elementor-section-height-default\" data-id=\"28d4ee3\" data-element_type=\"section\" data-e-type=\"section\">\n\t\t\t\t\t\t<div class=\"elementor-container elementor-column-gap-default\">\n\t\t\t\t\t<div class=\"elementor-column elementor-col-50 elementor-inner-column elementor-element elementor-element-3a0d089\" data-id=\"3a0d089\" data-element_type=\"column\" data-e-type=\"column\">\n\t\t\t<div class=\"elementor-widget-wrap elementor-element-populated\">\n\t\t\t\t\t\t<div class=\"elementor-element elementor-element-0a671f4 elementor-widget elementor-widget-text-editor\" data-id=\"0a671f4\" data-element_type=\"widget\" data-e-type=\"widget\" data-widget_type=\"text-editor.default\">\n\t\t\t\t<div class=\"elementor-widget-container\">\n\t\t\t\t\t\t\t\t\t<p>Das &#8222;Paradies&#8220;, die Vorhalle zum <a href=\"https:\/\/domzuluebeck.de\/\" target=\"_blank\" rel=\"noopener\">L\u00fcbecker Dom<\/a>. Aufnahme vom 13.04.2021<br \/>Eigentlich wollte ich ein anderes Motiv am Dom fotografieren, aber es gab einen Graupelschauer und ich musste meine Kameraausr\u00fcstung irgendwo unterstellen.<br \/>Also hob ich alles \u00fcber das Gitter an der Vorhalle (war das schon irgendwann mal auf?) und knipste diesen ansonsten d\u00fcsteren Ort mit Langzeitbelichtung&#8230;<\/p>\t\t\t\t\t\t\t\t<\/div>\n\t\t\t\t<\/div>\n\t\t\t\t\t<\/div>\n\t\t<\/div>\n\t\t\t\t<div class=\"elementor-column elementor-col-50 elementor-inner-column elementor-element elementor-element-92ccdd0\" data-id=\"92ccdd0\" data-element_type=\"column\" data-e-type=\"column\">\n\t\t\t<div class=\"elementor-widget-wrap elementor-element-populated\">\n\t\t\t\t\t\t<div class=\"elementor-element elementor-element-0e21052 elementor-widget elementor-widget-image\" data-id=\"0e21052\" data-element_type=\"widget\" data-e-type=\"widget\" data-widget_type=\"image.default\">\n\t\t\t\t<div class=\"elementor-widget-container\">\n\t\t\t\t\t\t\t\t\t\t\t\t\t\t\t<img fetchpriority=\"high\" decoding=\"async\" width=\"300\" height=\"179\" src=\"https:\/\/stephan-buth.de\/wp-content\/uploads\/2021\/04\/paradies_alt-300x179.jpg\" class=\"attachment-medium size-medium wp-image-1640\" alt=\"L\u00fcbeck Panorama - Dom Paradies\" srcset=\"https:\/\/stephan-buth.de\/wp-content\/uploads\/2021\/04\/paradies_alt-300x179.jpg 300w, https:\/\/stephan-buth.de\/wp-content\/uploads\/2021\/04\/paradies_alt-1024x610.jpg 1024w, https:\/\/stephan-buth.de\/wp-content\/uploads\/2021\/04\/paradies_alt-768x457.jpg 768w, https:\/\/stephan-buth.de\/wp-content\/uploads\/2021\/04\/paradies_alt-16x10.jpg 16w, https:\/\/stephan-buth.de\/wp-content\/uploads\/2021\/04\/paradies_alt.jpg 1407w\" sizes=\"(max-width: 300px) 100vw, 300px\" title=\"\">\t\t\t\t\t\t\t\t\t\t\t\t\t\t\t<\/div>\n\t\t\t\t<\/div>\n\t\t\t\t\t<\/div>\n\t\t<\/div>\n\t\t\t\t\t<\/div>\n\t\t<\/section>\n\t\t\t\t\t<\/div>\n\t\t<\/div>\n\t\t\t\t\t<\/div>\n\t\t<\/article>\n\t\t\t\t<\/div>","protected":false},"excerpt":{"rendered":"<p>L\u00fcbeck Panorama &#8211; Dom Paradies Zur\u00fcck Das &#8222;Paradies&#8220;, die Vorhalle zum L\u00fcbecker Dom. Aufnahme vom 13.04.2021Eigentlich wollte ich ein anderes Motiv am Dom fotografieren, aber es gab einen Graupelschauer und ich musste meine Kameraausr\u00fcstung irgendwo unterstellen.Also hob ich alles \u00fcber das Gitter an der Vorhalle (war das schon irgendwann mal auf?) und knipste diesen ansonsten&#8230;<\/p>","protected":false},"author":1,"featured_media":0,"parent":0,"menu_order":0,"comment_status":"closed","ping_status":"closed","template":"","meta":{"footnotes":""},"class_list":["post-1315","page","type-page","status-publish","hentry"],"_links":{"self":[{"href":"https:\/\/stephan-buth.de\/en\/wp-json\/wp\/v2\/pages\/1315","targetHints":{"allow":["GET"]}}],"collection":[{"href":"https:\/\/stephan-buth.de\/en\/wp-json\/wp\/v2\/pages"}],"about":[{"href":"https:\/\/stephan-buth.de\/en\/wp-json\/wp\/v2\/types\/page"}],"author":[{"embeddable":true,"href":"https:\/\/stephan-buth.de\/en\/wp-json\/wp\/v2\/users\/1"}],"replies":[{"embeddable":true,"href":"https:\/\/stephan-buth.de\/en\/wp-json\/wp\/v2\/comments?post=1315"}],"version-history":[{"count":31,"href":"https:\/\/stephan-buth.de\/en\/wp-json\/wp\/v2\/pages\/1315\/revisions"}],"predecessor-version":[{"id":1968,"href":"https:\/\/stephan-buth.de\/en\/wp-json\/wp\/v2\/pages\/1315\/revisions\/1968"}],"wp:attachment":[{"href":"https:\/\/stephan-buth.de\/en\/wp-json\/wp\/v2\/media?parent=1315"}],"curies":[{"name":"wp","href":"https:\/\/api.w.org\/{rel}","templated":true}]}}