{"id":1335,"date":"2021-04-14T17:51:25","date_gmt":"2021-04-14T15:51:25","guid":{"rendered":"https:\/\/stephan-buth.de\/?page_id=1335"},"modified":"2021-07-09T12:40:33","modified_gmt":"2021-07-09T10:40:33","slug":"lubeck-panorama-waldsee-wesloe","status":"publish","type":"page","link":"https:\/\/stephan-buth.de\/en\/lubeck-panorama-waldsee-wesloe","title":{"rendered":"L\u00fcbeck Panorama &#8211; Waldsee Wesloe"},"content":{"rendered":"<div data-elementor-type=\"wp-page\" data-elementor-id=\"1335\" class=\"elementor elementor-1335\">\n\t\t\t\t\t\t<header class=\"elementor-section elementor-top-section elementor-element elementor-element-4939cb29 elementor-section-boxed elementor-section-height-default elementor-section-height-default\" data-id=\"4939cb29\" data-element_type=\"section\" data-e-type=\"section\">\n\t\t\t\t\t\t<div class=\"elementor-container elementor-column-gap-default\">\n\t\t\t\t\t<div class=\"elementor-column elementor-col-100 elementor-top-column elementor-element elementor-element-38dce9f7\" data-id=\"38dce9f7\" data-element_type=\"column\" data-e-type=\"column\">\n\t\t\t<div class=\"elementor-widget-wrap elementor-element-populated\">\n\t\t\t\t\t\t<div class=\"elementor-element elementor-element-2ab49d47 elementor-widget elementor-widget-heading\" data-id=\"2ab49d47\" data-element_type=\"widget\" data-e-type=\"widget\" data-widget_type=\"heading.default\">\n\t\t\t\t<div class=\"elementor-widget-container\">\n\t\t\t\t\t<h2 class=\"elementor-heading-title elementor-size-default\">L\u00fcbeck Panorama - Waldsee Wesloe<\/h2>\t\t\t\t<\/div>\n\t\t\t\t<\/div>\n\t\t\t\t\t<\/div>\n\t\t<\/div>\n\t\t\t\t\t<\/div>\n\t\t<\/header>\n\t\t\t\t<section class=\"elementor-section elementor-top-section elementor-element elementor-element-286ec4c1 elementor-section-content-middle elementor-section-boxed elementor-section-height-default elementor-section-height-default\" data-id=\"286ec4c1\" data-element_type=\"section\" data-e-type=\"section\">\n\t\t\t\t\t\t<div class=\"elementor-container elementor-column-gap-default\">\n\t\t\t\t\t<div class=\"elementor-column elementor-col-100 elementor-top-column elementor-element elementor-element-1f4ffd8a\" data-id=\"1f4ffd8a\" data-element_type=\"column\" data-e-type=\"column\">\n\t\t\t<div class=\"elementor-widget-wrap elementor-element-populated\">\n\t\t\t\t\t\t<div class=\"elementor-element elementor-element-52d03ad4 elementor-widget elementor-widget-text-editor\" data-id=\"52d03ad4\" data-element_type=\"widget\" data-e-type=\"widget\" data-widget_type=\"text-editor.default\">\n\t\t\t\t<div class=\"elementor-widget-container\">\n\t\t\t\t\t\t\t\t\t<iframe src=\"\/wp-content\/uploads\/panos\/pano_wesloe_waldsee\/pano_wesloe_waldsee.html\" width=\"700\" height=\"350\" frameborder=\"0\"><\/iframe>\t\t\t\t\t\t\t\t<\/div>\n\t\t\t\t<\/div>\n\t\t\t\t\t<\/div>\n\t\t<\/div>\n\t\t\t\t\t<\/div>\n\t\t<\/section>\n\t\t\t\t<section class=\"elementor-section elementor-top-section elementor-element elementor-element-5ae6e62 elementor-section-boxed elementor-section-height-default elementor-section-height-default\" data-id=\"5ae6e62\" data-element_type=\"section\" data-e-type=\"section\">\n\t\t\t\t\t\t<div class=\"elementor-container elementor-column-gap-default\">\n\t\t\t\t\t<div class=\"elementor-column elementor-col-100 elementor-top-column elementor-element elementor-element-3e385528\" data-id=\"3e385528\" data-element_type=\"column\" data-e-type=\"column\">\n\t\t\t<div class=\"elementor-widget-wrap elementor-element-populated\">\n\t\t\t\t\t\t<div class=\"elementor-element elementor-element-3958a509 elementor-align-center elementor-widget elementor-widget-button\" data-id=\"3958a509\" data-element_type=\"widget\" data-e-type=\"widget\" data-widget_type=\"button.default\">\n\t\t\t\t<div class=\"elementor-widget-container\">\n\t\t\t\t\t\t\t\t\t<div class=\"elementor-button-wrapper\">\n\t\t\t\t\t<a class=\"elementor-button elementor-button-link elementor-size-sm\" href=\"https:\/\/stephan-buth.de\/en\/panorama-lubeck\/\">\n\t\t\t\t\t\t<span class=\"elementor-button-content-wrapper\">\n\t\t\t\t\t\t\t\t\t<span class=\"elementor-button-text\">Back<\/span>\n\t\t\t\t\t<\/span>\n\t\t\t\t\t<\/a>\n\t\t\t\t<\/div>\n\t\t\t\t\t\t\t\t<\/div>\n\t\t\t\t<\/div>\n\t\t\t\t\t<\/div>\n\t\t<\/div>\n\t\t\t\t\t<\/div>\n\t\t<\/section>\n\t\t\t\t<article class=\"elementor-section elementor-top-section elementor-element elementor-element-518dafe7 elementor-section-boxed elementor-section-height-default elementor-section-height-default\" data-id=\"518dafe7\" data-element_type=\"section\" data-e-type=\"section\">\n\t\t\t\t\t\t<div class=\"elementor-container elementor-column-gap-default\">\n\t\t\t\t\t<div class=\"elementor-column elementor-col-100 elementor-top-column elementor-element elementor-element-5bc90efc\" data-id=\"5bc90efc\" data-element_type=\"column\" data-e-type=\"column\">\n\t\t\t<div class=\"elementor-widget-wrap elementor-element-populated\">\n\t\t\t\t\t\t<section class=\"elementor-section elementor-inner-section elementor-element elementor-element-2473ade3 elementor-section-boxed elementor-section-height-default elementor-section-height-default\" data-id=\"2473ade3\" data-element_type=\"section\" data-e-type=\"section\">\n\t\t\t\t\t\t<div class=\"elementor-container elementor-column-gap-default\">\n\t\t\t\t\t<div class=\"elementor-column elementor-col-50 elementor-inner-column elementor-element elementor-element-21dc94ed\" data-id=\"21dc94ed\" data-element_type=\"column\" data-e-type=\"column\">\n\t\t\t<div class=\"elementor-widget-wrap elementor-element-populated\">\n\t\t\t\t\t\t<div class=\"elementor-element elementor-element-696ad9a elementor-widget elementor-widget-text-editor\" data-id=\"696ad9a\" data-element_type=\"widget\" data-e-type=\"widget\" data-widget_type=\"text-editor.default\">\n\t\t\t\t<div class=\"elementor-widget-container\">\n\t\t\t\t\t\t\t\t\t<p>An diesem sch\u00f6nen Ort war ich schon einige Male, um zu fotografieren. Ich denke, da\u00df es sich auch lohnt, ein Panorama vom Waldsee zu zeigen, also machte ich diese Aufnahme an einem sonnigen Morgen auf einer Gassirunde. Der Waldsee Wesloe ist nur 15 Gehminuten vom Parkplatz der <a href=\"https:\/\/www.luebeck.de\/de\/rathaus\/verwaltung\/stadtwald\/holzhof\/index.html\" target=\"_blank\" rel=\"noopener\">F\u00f6rsterei<\/a> Wesloe entfernt. Die Wege in den Wald hinein k\u00f6nnen matschig sein, also sollte man entsprechende Schuhe anziehen.\u00a0<\/p>\t\t\t\t\t\t\t\t<\/div>\n\t\t\t\t<\/div>\n\t\t\t\t\t<\/div>\n\t\t<\/div>\n\t\t\t\t<div class=\"elementor-column elementor-col-50 elementor-inner-column elementor-element elementor-element-1b7103b\" data-id=\"1b7103b\" data-element_type=\"column\" data-e-type=\"column\">\n\t\t\t<div class=\"elementor-widget-wrap elementor-element-populated\">\n\t\t\t\t\t\t<div class=\"elementor-element elementor-element-6555a79 elementor-widget elementor-widget-image\" data-id=\"6555a79\" data-element_type=\"widget\" data-e-type=\"widget\" data-widget_type=\"image.default\">\n\t\t\t\t<div class=\"elementor-widget-container\">\n\t\t\t\t\t\t\t\t\t\t\t\t\t\t\t<img fetchpriority=\"high\" decoding=\"async\" width=\"300\" height=\"171\" src=\"https:\/\/stephan-buth.de\/wp-content\/uploads\/2021\/04\/waldsee_alt-300x171.jpg\" class=\"attachment-medium size-medium wp-image-1658\" alt=\"L\u00fcbeck Panorama - Waldsee Wesloe\" srcset=\"https:\/\/stephan-buth.de\/wp-content\/uploads\/2021\/04\/waldsee_alt-300x171.jpg 300w, https:\/\/stephan-buth.de\/wp-content\/uploads\/2021\/04\/waldsee_alt-1024x585.jpg 1024w, https:\/\/stephan-buth.de\/wp-content\/uploads\/2021\/04\/waldsee_alt-768x439.jpg 768w, https:\/\/stephan-buth.de\/wp-content\/uploads\/2021\/04\/waldsee_alt-16x9.jpg 16w, https:\/\/stephan-buth.de\/wp-content\/uploads\/2021\/04\/waldsee_alt.jpg 1278w\" sizes=\"(max-width: 300px) 100vw, 300px\" title=\"\">\t\t\t\t\t\t\t\t\t\t\t\t\t\t\t<\/div>\n\t\t\t\t<\/div>\n\t\t\t\t\t<\/div>\n\t\t<\/div>\n\t\t\t\t\t<\/div>\n\t\t<\/section>\n\t\t\t\t\t<\/div>\n\t\t<\/div>\n\t\t\t\t\t<\/div>\n\t\t<\/article>\n\t\t\t\t<\/div>","protected":false},"excerpt":{"rendered":"<p>L\u00fcbeck Panorama &#8211; Waldsee Wesloe Zur\u00fcck An diesem sch\u00f6nen Ort war ich schon einige Male, um zu fotografieren. Ich denke, da\u00df es sich auch lohnt, ein Panorama vom Waldsee zu zeigen, also machte ich diese Aufnahme an einem sonnigen Morgen auf einer Gassirunde. Der Waldsee Wesloe ist nur 15 Gehminuten vom Parkplatz der F\u00f6rsterei Wesloe&#8230;<\/p>","protected":false},"author":1,"featured_media":0,"parent":0,"menu_order":0,"comment_status":"closed","ping_status":"closed","template":"","meta":{"footnotes":""},"class_list":["post-1335","page","type-page","status-publish","hentry"],"_links":{"self":[{"href":"https:\/\/stephan-buth.de\/en\/wp-json\/wp\/v2\/pages\/1335","targetHints":{"allow":["GET"]}}],"collection":[{"href":"https:\/\/stephan-buth.de\/en\/wp-json\/wp\/v2\/pages"}],"about":[{"href":"https:\/\/stephan-buth.de\/en\/wp-json\/wp\/v2\/types\/page"}],"author":[{"embeddable":true,"href":"https:\/\/stephan-buth.de\/en\/wp-json\/wp\/v2\/users\/1"}],"replies":[{"embeddable":true,"href":"https:\/\/stephan-buth.de\/en\/wp-json\/wp\/v2\/comments?post=1335"}],"version-history":[{"count":27,"href":"https:\/\/stephan-buth.de\/en\/wp-json\/wp\/v2\/pages\/1335\/revisions"}],"predecessor-version":[{"id":1965,"href":"https:\/\/stephan-buth.de\/en\/wp-json\/wp\/v2\/pages\/1335\/revisions\/1965"}],"wp:attachment":[{"href":"https:\/\/stephan-buth.de\/en\/wp-json\/wp\/v2\/media?parent=1335"}],"curies":[{"name":"wp","href":"https:\/\/api.w.org\/{rel}","templated":true}]}}