{"id":1532,"date":"2021-04-17T17:06:51","date_gmt":"2021-04-17T15:06:51","guid":{"rendered":"https:\/\/stephan-buth.de\/?page_id=1532"},"modified":"2021-07-09T12:46:46","modified_gmt":"2021-07-09T10:46:46","slug":"panorama-lubeck-schellbruch-1","status":"publish","type":"page","link":"https:\/\/stephan-buth.de\/en\/panorama-lubeck-schellbruch-1","title":{"rendered":"Panorama L\u00fcbeck &#8211; Schellbruch 1"},"content":{"rendered":"<div data-elementor-type=\"wp-page\" data-elementor-id=\"1532\" class=\"elementor elementor-1532\">\n\t\t\t\t\t\t<header class=\"elementor-section elementor-top-section elementor-element elementor-element-6528cb31 elementor-section-boxed elementor-section-height-default elementor-section-height-default\" data-id=\"6528cb31\" data-element_type=\"section\" data-e-type=\"section\">\n\t\t\t\t\t\t<div class=\"elementor-container elementor-column-gap-default\">\n\t\t\t\t\t<div class=\"elementor-column elementor-col-100 elementor-top-column elementor-element elementor-element-61a2e9f7\" data-id=\"61a2e9f7\" data-element_type=\"column\" data-e-type=\"column\">\n\t\t\t<div class=\"elementor-widget-wrap elementor-element-populated\">\n\t\t\t\t\t\t<div class=\"elementor-element elementor-element-54fbd456 elementor-widget elementor-widget-heading\" data-id=\"54fbd456\" data-element_type=\"widget\" data-e-type=\"widget\" data-widget_type=\"heading.default\">\n\t\t\t\t<div class=\"elementor-widget-container\">\n\t\t\t\t\t<h2 class=\"elementor-heading-title elementor-size-default\">Panorama L\u00fcbeck - Schellbruch  1<\/h2>\t\t\t\t<\/div>\n\t\t\t\t<\/div>\n\t\t\t\t\t<\/div>\n\t\t<\/div>\n\t\t\t\t\t<\/div>\n\t\t<\/header>\n\t\t\t\t<section class=\"elementor-section elementor-top-section elementor-element elementor-element-3464dd2c elementor-section-content-middle elementor-section-boxed elementor-section-height-default elementor-section-height-default\" data-id=\"3464dd2c\" data-element_type=\"section\" data-e-type=\"section\">\n\t\t\t\t\t\t<div class=\"elementor-container elementor-column-gap-default\">\n\t\t\t\t\t<div class=\"elementor-column elementor-col-100 elementor-top-column elementor-element elementor-element-396a0794\" data-id=\"396a0794\" data-element_type=\"column\" data-e-type=\"column\">\n\t\t\t<div class=\"elementor-widget-wrap elementor-element-populated\">\n\t\t\t\t\t\t<div class=\"elementor-element elementor-element-6401b258 elementor-widget elementor-widget-text-editor\" data-id=\"6401b258\" data-element_type=\"widget\" data-e-type=\"widget\" data-widget_type=\"text-editor.default\">\n\t\t\t\t<div class=\"elementor-widget-container\">\n\t\t\t\t\t\t\t\t\t<iframe src=\"\/wp-content\/uploads\/panos\/pano_schellbruch1\/pano_schellbruch1.html\" width=\"700\" height=\"350\" frameborder=\"0\"><\/iframe>\t\t\t\t\t\t\t\t<\/div>\n\t\t\t\t<\/div>\n\t\t\t\t\t<\/div>\n\t\t<\/div>\n\t\t\t\t\t<\/div>\n\t\t<\/section>\n\t\t\t\t<section class=\"elementor-section elementor-top-section elementor-element elementor-element-1a578ef0 elementor-section-boxed elementor-section-height-default elementor-section-height-default\" data-id=\"1a578ef0\" data-element_type=\"section\" data-e-type=\"section\">\n\t\t\t\t\t\t<div class=\"elementor-container elementor-column-gap-default\">\n\t\t\t\t\t<div class=\"elementor-column elementor-col-100 elementor-top-column elementor-element elementor-element-7cbb3d82\" data-id=\"7cbb3d82\" data-element_type=\"column\" data-e-type=\"column\">\n\t\t\t<div class=\"elementor-widget-wrap elementor-element-populated\">\n\t\t\t\t\t\t<div class=\"elementor-element elementor-element-5f1667dc elementor-align-center elementor-widget elementor-widget-button\" data-id=\"5f1667dc\" data-element_type=\"widget\" data-e-type=\"widget\" data-widget_type=\"button.default\">\n\t\t\t\t<div class=\"elementor-widget-container\">\n\t\t\t\t\t\t\t\t\t<div class=\"elementor-button-wrapper\">\n\t\t\t\t\t<a class=\"elementor-button elementor-button-link elementor-size-sm\" href=\"https:\/\/stephan-buth.de\/en\/panorama-lubeck\/\">\n\t\t\t\t\t\t<span class=\"elementor-button-content-wrapper\">\n\t\t\t\t\t\t\t\t\t<span class=\"elementor-button-text\">Back<\/span>\n\t\t\t\t\t<\/span>\n\t\t\t\t\t<\/a>\n\t\t\t\t<\/div>\n\t\t\t\t\t\t\t\t<\/div>\n\t\t\t\t<\/div>\n\t\t\t\t\t<\/div>\n\t\t<\/div>\n\t\t\t\t\t<\/div>\n\t\t<\/section>\n\t\t\t\t<article class=\"elementor-section elementor-top-section elementor-element elementor-element-7eddd95a elementor-section-boxed elementor-section-height-default elementor-section-height-default\" data-id=\"7eddd95a\" data-element_type=\"section\" data-e-type=\"section\">\n\t\t\t\t\t\t<div class=\"elementor-container elementor-column-gap-default\">\n\t\t\t\t\t<div class=\"elementor-column elementor-col-100 elementor-top-column elementor-element elementor-element-3057eba3\" data-id=\"3057eba3\" data-element_type=\"column\" data-e-type=\"column\">\n\t\t\t<div class=\"elementor-widget-wrap elementor-element-populated\">\n\t\t\t\t\t\t<section class=\"elementor-section elementor-inner-section elementor-element elementor-element-a73714 elementor-section-boxed elementor-section-height-default elementor-section-height-default\" data-id=\"a73714\" data-element_type=\"section\" data-e-type=\"section\">\n\t\t\t\t\t\t<div class=\"elementor-container elementor-column-gap-default\">\n\t\t\t\t\t<div class=\"elementor-column elementor-col-50 elementor-inner-column elementor-element elementor-element-5d731ebf\" data-id=\"5d731ebf\" data-element_type=\"column\" data-e-type=\"column\">\n\t\t\t<div class=\"elementor-widget-wrap elementor-element-populated\">\n\t\t\t\t\t\t<div class=\"elementor-element elementor-element-7be62e2a elementor-widget elementor-widget-text-editor\" data-id=\"7be62e2a\" data-element_type=\"widget\" data-e-type=\"widget\" data-widget_type=\"text-editor.default\">\n\t\t\t\t<div class=\"elementor-widget-container\">\n\t\t\t\t\t\t\t\t\t<p>The <a href=\"https:\/\/www.nabu-luebeck.de\/nabu-l%C3%BCbeck-wer-wir-sind-und-was-wir-tun\/projekte\/arbeitsgemeinschaft-schellbruch\/\" target=\"_blank\" rel=\"noopener\">Schellbruch<\/a> ist ein Naturschutz- und bedeutendes Vogelschutzgebiet in L\u00fcbeck in der N\u00e4he der Siedlung <a href=\"https:\/\/www.fischerdorf-gothmund.de\/\" target=\"_blank\" rel=\"noopener\">Gothmund<\/a>.<br \/>The freshwater pond is in view here.<\/p>\t\t\t\t\t\t\t\t<\/div>\n\t\t\t\t<\/div>\n\t\t\t\t\t<\/div>\n\t\t<\/div>\n\t\t\t\t<div class=\"elementor-column elementor-col-50 elementor-inner-column elementor-element elementor-element-d7effdc\" data-id=\"d7effdc\" data-element_type=\"column\" data-e-type=\"column\">\n\t\t\t<div class=\"elementor-widget-wrap elementor-element-populated\">\n\t\t\t\t\t\t<div class=\"elementor-element elementor-element-5c54f45a elementor-widget elementor-widget-image\" data-id=\"5c54f45a\" data-element_type=\"widget\" data-e-type=\"widget\" data-widget_type=\"image.default\">\n\t\t\t\t<div class=\"elementor-widget-container\">\n\t\t\t\t\t\t\t\t\t\t\t\t\t\t\t<img fetchpriority=\"high\" decoding=\"async\" width=\"300\" height=\"175\" src=\"https:\/\/stephan-buth.de\/wp-content\/uploads\/2021\/04\/schellbruch1_alt-300x175.jpg\" class=\"attachment-medium size-medium wp-image-1698\" alt=\"Panorama L\u00fcbeck - Schellbruch 1\" srcset=\"https:\/\/stephan-buth.de\/wp-content\/uploads\/2021\/04\/schellbruch1_alt-300x175.jpg 300w, https:\/\/stephan-buth.de\/wp-content\/uploads\/2021\/04\/schellbruch1_alt-1024x596.jpg 1024w, https:\/\/stephan-buth.de\/wp-content\/uploads\/2021\/04\/schellbruch1_alt-768x447.jpg 768w, https:\/\/stephan-buth.de\/wp-content\/uploads\/2021\/04\/schellbruch1_alt-16x9.jpg 16w, https:\/\/stephan-buth.de\/wp-content\/uploads\/2021\/04\/schellbruch1_alt.jpg 1343w\" sizes=\"(max-width: 300px) 100vw, 300px\" title=\"\">\t\t\t\t\t\t\t\t\t\t\t\t\t\t\t<\/div>\n\t\t\t\t<\/div>\n\t\t\t\t\t<\/div>\n\t\t<\/div>\n\t\t\t\t\t<\/div>\n\t\t<\/section>\n\t\t\t\t\t<\/div>\n\t\t<\/div>\n\t\t\t\t\t<\/div>\n\t\t<\/article>\n\t\t\t\t<\/div>","protected":false},"excerpt":{"rendered":"<p>Panorama L\u00fcbeck &#8211; Schellbruch 1 Zur\u00fcck Der Schellbruch ist ein Naturschutz- und bedeutendes Vogelschutzgebiet in L\u00fcbeck in der N\u00e4he der Siedlung Gothmund.Im Blick hier der S\u00fc\u00dfwasserteich.<\/p>","protected":false},"author":1,"featured_media":0,"parent":0,"menu_order":0,"comment_status":"closed","ping_status":"closed","template":"","meta":{"footnotes":""},"class_list":["post-1532","page","type-page","status-publish","hentry"],"_links":{"self":[{"href":"https:\/\/stephan-buth.de\/en\/wp-json\/wp\/v2\/pages\/1532","targetHints":{"allow":["GET"]}}],"collection":[{"href":"https:\/\/stephan-buth.de\/en\/wp-json\/wp\/v2\/pages"}],"about":[{"href":"https:\/\/stephan-buth.de\/en\/wp-json\/wp\/v2\/types\/page"}],"author":[{"embeddable":true,"href":"https:\/\/stephan-buth.de\/en\/wp-json\/wp\/v2\/users\/1"}],"replies":[{"embeddable":true,"href":"https:\/\/stephan-buth.de\/en\/wp-json\/wp\/v2\/comments?post=1532"}],"version-history":[{"count":26,"href":"https:\/\/stephan-buth.de\/en\/wp-json\/wp\/v2\/pages\/1532\/revisions"}],"predecessor-version":[{"id":1974,"href":"https:\/\/stephan-buth.de\/en\/wp-json\/wp\/v2\/pages\/1532\/revisions\/1974"}],"wp:attachment":[{"href":"https:\/\/stephan-buth.de\/en\/wp-json\/wp\/v2\/media?parent=1532"}],"curies":[{"name":"wp","href":"https:\/\/api.w.org\/{rel}","templated":true}]}}