{"id":1539,"date":"2021-04-17T17:15:49","date_gmt":"2021-04-17T15:15:49","guid":{"rendered":"https:\/\/stephan-buth.de\/?page_id=1539"},"modified":"2021-07-09T12:47:34","modified_gmt":"2021-07-09T10:47:34","slug":"panorama-lubeck-schellbruch-2","status":"publish","type":"page","link":"https:\/\/stephan-buth.de\/en\/panorama-lubeck-schellbruch-2","title":{"rendered":"Panorama L\u00fcbeck &#8211; Schellbruch 2"},"content":{"rendered":"<div data-elementor-type=\"wp-page\" data-elementor-id=\"1539\" class=\"elementor elementor-1539\">\n\t\t\t\t\t\t<header class=\"elementor-section elementor-top-section elementor-element elementor-element-1e069158 elementor-section-boxed elementor-section-height-default elementor-section-height-default\" data-id=\"1e069158\" data-element_type=\"section\" data-e-type=\"section\">\n\t\t\t\t\t\t<div class=\"elementor-container elementor-column-gap-default\">\n\t\t\t\t\t<div class=\"elementor-column elementor-col-100 elementor-top-column elementor-element elementor-element-223e6aaf\" data-id=\"223e6aaf\" data-element_type=\"column\" data-e-type=\"column\">\n\t\t\t<div class=\"elementor-widget-wrap elementor-element-populated\">\n\t\t\t\t\t\t<div class=\"elementor-element elementor-element-1dccbaab elementor-widget elementor-widget-heading\" data-id=\"1dccbaab\" data-element_type=\"widget\" data-e-type=\"widget\" data-widget_type=\"heading.default\">\n\t\t\t\t<div class=\"elementor-widget-container\">\n\t\t\t\t\t<h2 class=\"elementor-heading-title elementor-size-default\">Panorama L\u00fcbeck - Schellbruch  2<\/h2>\t\t\t\t<\/div>\n\t\t\t\t<\/div>\n\t\t\t\t\t<\/div>\n\t\t<\/div>\n\t\t\t\t\t<\/div>\n\t\t<\/header>\n\t\t\t\t<section class=\"elementor-section elementor-top-section elementor-element elementor-element-64155971 elementor-section-content-middle elementor-section-boxed elementor-section-height-default elementor-section-height-default\" data-id=\"64155971\" data-element_type=\"section\" data-e-type=\"section\">\n\t\t\t\t\t\t<div class=\"elementor-container elementor-column-gap-default\">\n\t\t\t\t\t<div class=\"elementor-column elementor-col-100 elementor-top-column elementor-element elementor-element-37d3e359\" data-id=\"37d3e359\" data-element_type=\"column\" data-e-type=\"column\">\n\t\t\t<div class=\"elementor-widget-wrap elementor-element-populated\">\n\t\t\t\t\t\t<div class=\"elementor-element elementor-element-6e8fe elementor-widget elementor-widget-text-editor\" data-id=\"6e8fe\" data-element_type=\"widget\" data-e-type=\"widget\" data-widget_type=\"text-editor.default\">\n\t\t\t\t<div class=\"elementor-widget-container\">\n\t\t\t\t\t\t\t\t\t<iframe src=\"\/wp-content\/uploads\/panos\/pano_schellbruch2\/pano_schellbruch2.html\" width=\"700\" height=\"350\" frameborder=\"0\"><\/iframe>\t\t\t\t\t\t\t\t<\/div>\n\t\t\t\t<\/div>\n\t\t\t\t\t<\/div>\n\t\t<\/div>\n\t\t\t\t\t<\/div>\n\t\t<\/section>\n\t\t\t\t<section class=\"elementor-section elementor-top-section elementor-element elementor-element-223e7adf elementor-section-boxed elementor-section-height-default elementor-section-height-default\" data-id=\"223e7adf\" data-element_type=\"section\" data-e-type=\"section\">\n\t\t\t\t\t\t<div class=\"elementor-container elementor-column-gap-default\">\n\t\t\t\t\t<div class=\"elementor-column elementor-col-100 elementor-top-column elementor-element elementor-element-7acad7e2\" data-id=\"7acad7e2\" data-element_type=\"column\" data-e-type=\"column\">\n\t\t\t<div class=\"elementor-widget-wrap elementor-element-populated\">\n\t\t\t\t\t\t<div class=\"elementor-element elementor-element-72cba948 elementor-align-center elementor-widget elementor-widget-button\" data-id=\"72cba948\" data-element_type=\"widget\" data-e-type=\"widget\" data-widget_type=\"button.default\">\n\t\t\t\t<div class=\"elementor-widget-container\">\n\t\t\t\t\t\t\t\t\t<div class=\"elementor-button-wrapper\">\n\t\t\t\t\t<a class=\"elementor-button elementor-button-link elementor-size-sm\" href=\"https:\/\/stephan-buth.de\/en\/panorama-lubeck\/\">\n\t\t\t\t\t\t<span class=\"elementor-button-content-wrapper\">\n\t\t\t\t\t\t\t\t\t<span class=\"elementor-button-text\">Back<\/span>\n\t\t\t\t\t<\/span>\n\t\t\t\t\t<\/a>\n\t\t\t\t<\/div>\n\t\t\t\t\t\t\t\t<\/div>\n\t\t\t\t<\/div>\n\t\t\t\t\t<\/div>\n\t\t<\/div>\n\t\t\t\t\t<\/div>\n\t\t<\/section>\n\t\t\t\t<article class=\"elementor-section elementor-top-section elementor-element elementor-element-6a95d6a3 elementor-section-boxed elementor-section-height-default elementor-section-height-default\" data-id=\"6a95d6a3\" data-element_type=\"section\" data-e-type=\"section\">\n\t\t\t\t\t\t<div class=\"elementor-container elementor-column-gap-default\">\n\t\t\t\t\t<div class=\"elementor-column elementor-col-100 elementor-top-column elementor-element elementor-element-293df5b3\" data-id=\"293df5b3\" data-element_type=\"column\" data-e-type=\"column\">\n\t\t\t<div class=\"elementor-widget-wrap elementor-element-populated\">\n\t\t\t\t\t\t<section class=\"elementor-section elementor-inner-section elementor-element elementor-element-4f3a687d elementor-section-boxed elementor-section-height-default elementor-section-height-default\" data-id=\"4f3a687d\" data-element_type=\"section\" data-e-type=\"section\">\n\t\t\t\t\t\t<div class=\"elementor-container elementor-column-gap-default\">\n\t\t\t\t\t<div class=\"elementor-column elementor-col-50 elementor-inner-column elementor-element elementor-element-43b31df0\" data-id=\"43b31df0\" data-element_type=\"column\" data-e-type=\"column\">\n\t\t\t<div class=\"elementor-widget-wrap elementor-element-populated\">\n\t\t\t\t\t\t<div class=\"elementor-element elementor-element-37a79868 elementor-widget elementor-widget-text-editor\" data-id=\"37a79868\" data-element_type=\"widget\" data-e-type=\"widget\" data-widget_type=\"text-editor.default\">\n\t\t\t\t<div class=\"elementor-widget-container\">\n\t\t\t\t\t\t\t\t\t<p>The <a href=\"https:\/\/www.nabu-luebeck.de\/nabu-l%C3%BCbeck-wer-wir-sind-und-was-wir-tun\/projekte\/arbeitsgemeinschaft-schellbruch\/\" target=\"_blank\" rel=\"noopener\">Schellbruch<\/a> ist ein Naturschutz- und bedeutendes Vogelschutzgebiet in L\u00fcbeck in der N\u00e4he der Siedlung <a href=\"https:\/\/www.fischerdorf-gothmund.de\/\" target=\"_blank\" rel=\"noopener\">Gothmund<\/a>.<br \/>Zu sehen sind hier die gro\u00dfe Lagune und der S\u00fc\u00dfwasserteich mit der Brutinsel.<\/p>\t\t\t\t\t\t\t\t<\/div>\n\t\t\t\t<\/div>\n\t\t\t\t\t<\/div>\n\t\t<\/div>\n\t\t\t\t<div class=\"elementor-column elementor-col-50 elementor-inner-column elementor-element elementor-element-1764ba4a\" data-id=\"1764ba4a\" data-element_type=\"column\" data-e-type=\"column\">\n\t\t\t<div class=\"elementor-widget-wrap elementor-element-populated\">\n\t\t\t\t\t\t<div class=\"elementor-element elementor-element-281e10ef elementor-widget elementor-widget-image\" data-id=\"281e10ef\" data-element_type=\"widget\" data-e-type=\"widget\" data-widget_type=\"image.default\">\n\t\t\t\t<div class=\"elementor-widget-container\">\n\t\t\t\t\t\t\t\t\t\t\t\t\t\t\t<img decoding=\"async\" width=\"300\" height=\"151\" src=\"https:\/\/stephan-buth.de\/wp-content\/uploads\/2021\/04\/schellbruch2_alt-300x151.jpg\" class=\"attachment-medium size-medium wp-image-1699\" alt=\"Panorama L\u00fcbeck - Schellbruch 2\" srcset=\"https:\/\/stephan-buth.de\/wp-content\/uploads\/2021\/04\/schellbruch2_alt-300x151.jpg 300w, https:\/\/stephan-buth.de\/wp-content\/uploads\/2021\/04\/schellbruch2_alt-1024x516.jpg 1024w, https:\/\/stephan-buth.de\/wp-content\/uploads\/2021\/04\/schellbruch2_alt-768x387.jpg 768w, https:\/\/stephan-buth.de\/wp-content\/uploads\/2021\/04\/schellbruch2_alt-16x8.jpg 16w, https:\/\/stephan-buth.de\/wp-content\/uploads\/2021\/04\/schellbruch2_alt.jpg 1127w\" sizes=\"(max-width: 300px) 100vw, 300px\" title=\"\">\t\t\t\t\t\t\t\t\t\t\t\t\t\t\t<\/div>\n\t\t\t\t<\/div>\n\t\t\t\t\t<\/div>\n\t\t<\/div>\n\t\t\t\t\t<\/div>\n\t\t<\/section>\n\t\t\t\t\t<\/div>\n\t\t<\/div>\n\t\t\t\t\t<\/div>\n\t\t<\/article>\n\t\t\t\t<\/div>","protected":false},"excerpt":{"rendered":"<p>Panorama L\u00fcbeck &#8211; Schellbruch 2 Zur\u00fcck Der Schellbruch ist ein Naturschutz- und bedeutendes Vogelschutzgebiet in L\u00fcbeck in der N\u00e4he der Siedlung Gothmund.Zu sehen sind hier die gro\u00dfe Lagune und der S\u00fc\u00dfwasserteich mit der Brutinsel.<\/p>","protected":false},"author":1,"featured_media":0,"parent":0,"menu_order":0,"comment_status":"closed","ping_status":"closed","template":"","meta":{"footnotes":""},"class_list":["post-1539","page","type-page","status-publish","hentry"],"_links":{"self":[{"href":"https:\/\/stephan-buth.de\/en\/wp-json\/wp\/v2\/pages\/1539","targetHints":{"allow":["GET"]}}],"collection":[{"href":"https:\/\/stephan-buth.de\/en\/wp-json\/wp\/v2\/pages"}],"about":[{"href":"https:\/\/stephan-buth.de\/en\/wp-json\/wp\/v2\/types\/page"}],"author":[{"embeddable":true,"href":"https:\/\/stephan-buth.de\/en\/wp-json\/wp\/v2\/users\/1"}],"replies":[{"embeddable":true,"href":"https:\/\/stephan-buth.de\/en\/wp-json\/wp\/v2\/comments?post=1539"}],"version-history":[{"count":18,"href":"https:\/\/stephan-buth.de\/en\/wp-json\/wp\/v2\/pages\/1539\/revisions"}],"predecessor-version":[{"id":1981,"href":"https:\/\/stephan-buth.de\/en\/wp-json\/wp\/v2\/pages\/1539\/revisions\/1981"}],"wp:attachment":[{"href":"https:\/\/stephan-buth.de\/en\/wp-json\/wp\/v2\/media?parent=1539"}],"curies":[{"name":"wp","href":"https:\/\/api.w.org\/{rel}","templated":true}]}}