{"id":1764,"date":"2021-04-21T07:41:25","date_gmt":"2021-04-21T05:41:25","guid":{"rendered":"https:\/\/stephan-buth.de\/?page_id=1764"},"modified":"2021-07-09T12:40:10","modified_gmt":"2021-07-09T10:40:10","slug":"panorama-schuppen-6","status":"publish","type":"page","link":"https:\/\/stephan-buth.de\/en\/panorama-schuppen-6","title":{"rendered":"L\u00fcbeck Panorama &#8211; Schuppen 6"},"content":{"rendered":"<div data-elementor-type=\"wp-page\" data-elementor-id=\"1764\" class=\"elementor elementor-1764\">\n\t\t\t\t\t\t<header class=\"elementor-section elementor-top-section elementor-element elementor-element-4939cb29 elementor-section-boxed elementor-section-height-default elementor-section-height-default\" data-id=\"4939cb29\" data-element_type=\"section\" data-e-type=\"section\">\n\t\t\t\t\t\t<div class=\"elementor-container elementor-column-gap-default\">\n\t\t\t\t\t<div class=\"elementor-column elementor-col-100 elementor-top-column elementor-element elementor-element-38dce9f7\" data-id=\"38dce9f7\" data-element_type=\"column\" data-e-type=\"column\">\n\t\t\t<div class=\"elementor-widget-wrap elementor-element-populated\">\n\t\t\t\t\t\t<div class=\"elementor-element elementor-element-2ab49d47 elementor-widget elementor-widget-heading\" data-id=\"2ab49d47\" data-element_type=\"widget\" data-e-type=\"widget\" data-widget_type=\"heading.default\">\n\t\t\t\t<div class=\"elementor-widget-container\">\n\t\t\t\t\t<h2 class=\"elementor-heading-title elementor-size-default\">Schuppen 6 Panoramabild<\/h2>\t\t\t\t<\/div>\n\t\t\t\t<\/div>\n\t\t\t\t\t<\/div>\n\t\t<\/div>\n\t\t\t\t\t<\/div>\n\t\t<\/header>\n\t\t\t\t<section class=\"elementor-section elementor-top-section elementor-element elementor-element-286ec4c1 elementor-section-content-middle elementor-section-boxed elementor-section-height-default elementor-section-height-default\" data-id=\"286ec4c1\" data-element_type=\"section\" data-e-type=\"section\">\n\t\t\t\t\t\t<div class=\"elementor-container elementor-column-gap-default\">\n\t\t\t\t\t<div class=\"elementor-column elementor-col-100 elementor-top-column elementor-element elementor-element-1f4ffd8a\" data-id=\"1f4ffd8a\" data-element_type=\"column\" data-e-type=\"column\">\n\t\t\t<div class=\"elementor-widget-wrap elementor-element-populated\">\n\t\t\t\t\t\t<div class=\"elementor-element elementor-element-52d03ad4 elementor-widget elementor-widget-text-editor\" data-id=\"52d03ad4\" data-element_type=\"widget\" data-e-type=\"widget\" data-widget_type=\"text-editor.default\">\n\t\t\t\t<div class=\"elementor-widget-container\">\n\t\t\t\t\t\t\t\t\t<iframe src=\"\/wp-content\/uploads\/panos\/pano_schuppen6\/pano_schuppen_6.html\" width=\"700\" height=\"350\" frameborder=\"0\"><\/iframe>\t\t\t\t\t\t\t\t<\/div>\n\t\t\t\t<\/div>\n\t\t\t\t\t<\/div>\n\t\t<\/div>\n\t\t\t\t\t<\/div>\n\t\t<\/section>\n\t\t\t\t<section class=\"elementor-section elementor-top-section elementor-element elementor-element-5ae6e62 elementor-section-boxed elementor-section-height-default elementor-section-height-default\" data-id=\"5ae6e62\" data-element_type=\"section\" data-e-type=\"section\">\n\t\t\t\t\t\t<div class=\"elementor-container elementor-column-gap-default\">\n\t\t\t\t\t<div class=\"elementor-column elementor-col-100 elementor-top-column elementor-element elementor-element-3e385528\" data-id=\"3e385528\" data-element_type=\"column\" data-e-type=\"column\">\n\t\t\t<div class=\"elementor-widget-wrap elementor-element-populated\">\n\t\t\t\t\t\t<div class=\"elementor-element elementor-element-3958a509 elementor-align-center elementor-widget elementor-widget-button\" data-id=\"3958a509\" data-element_type=\"widget\" data-e-type=\"widget\" data-widget_type=\"button.default\">\n\t\t\t\t<div class=\"elementor-widget-container\">\n\t\t\t\t\t\t\t\t\t<div class=\"elementor-button-wrapper\">\n\t\t\t\t\t<a class=\"elementor-button elementor-button-link elementor-size-sm\" href=\"https:\/\/stephan-buth.de\/en\/panorama-lubeck\/\">\n\t\t\t\t\t\t<span class=\"elementor-button-content-wrapper\">\n\t\t\t\t\t\t\t\t\t<span class=\"elementor-button-text\">Back<\/span>\n\t\t\t\t\t<\/span>\n\t\t\t\t\t<\/a>\n\t\t\t\t<\/div>\n\t\t\t\t\t\t\t\t<\/div>\n\t\t\t\t<\/div>\n\t\t\t\t\t<\/div>\n\t\t<\/div>\n\t\t\t\t\t<\/div>\n\t\t<\/section>\n\t\t\t\t<article class=\"elementor-section elementor-top-section elementor-element elementor-element-518dafe7 elementor-section-boxed elementor-section-height-default elementor-section-height-default\" data-id=\"518dafe7\" data-element_type=\"section\" data-e-type=\"section\">\n\t\t\t\t\t\t<div class=\"elementor-container elementor-column-gap-default\">\n\t\t\t\t\t<div class=\"elementor-column elementor-col-100 elementor-top-column elementor-element elementor-element-5bc90efc\" data-id=\"5bc90efc\" data-element_type=\"column\" data-e-type=\"column\">\n\t\t\t<div class=\"elementor-widget-wrap elementor-element-populated\">\n\t\t\t\t\t\t<section class=\"elementor-section elementor-inner-section elementor-element elementor-element-2473ade3 elementor-section-boxed elementor-section-height-default elementor-section-height-default\" data-id=\"2473ade3\" data-element_type=\"section\" data-e-type=\"section\">\n\t\t\t\t\t\t<div class=\"elementor-container elementor-column-gap-default\">\n\t\t\t\t\t<div class=\"elementor-column elementor-col-50 elementor-inner-column elementor-element elementor-element-21dc94ed\" data-id=\"21dc94ed\" data-element_type=\"column\" data-e-type=\"column\">\n\t\t\t<div class=\"elementor-widget-wrap elementor-element-populated\">\n\t\t\t\t\t\t<div class=\"elementor-element elementor-element-696ad9a elementor-widget elementor-widget-text-editor\" data-id=\"696ad9a\" data-element_type=\"widget\" data-e-type=\"widget\" data-widget_type=\"text-editor.default\">\n\t\t\t\t<div class=\"elementor-widget-container\">\n\t\t\t\t\t\t\t\t\t<p>Panoramabild vom historischen <a href=\"https:\/\/www.mks-luebeck.de\/veranstaltungen\/schuppen-6\/\" target=\"_blank\" rel=\"noopener\">Schuppen 6<\/a> im L\u00fcbecker Hafen. Der denkmalgesch\u00fctzte Schuppen kann f\u00fcr Veranstaltungen gemietet werden.<\/p><p>Aufnahme vom 20.04.2021<\/p>\t\t\t\t\t\t\t\t<\/div>\n\t\t\t\t<\/div>\n\t\t\t\t\t<\/div>\n\t\t<\/div>\n\t\t\t\t<div class=\"elementor-column elementor-col-50 elementor-inner-column elementor-element elementor-element-1b7103b\" data-id=\"1b7103b\" data-element_type=\"column\" data-e-type=\"column\">\n\t\t\t<div class=\"elementor-widget-wrap elementor-element-populated\">\n\t\t\t\t\t\t<div class=\"elementor-element elementor-element-6555a79 elementor-widget elementor-widget-image\" data-id=\"6555a79\" data-element_type=\"widget\" data-e-type=\"widget\" data-widget_type=\"image.default\">\n\t\t\t\t<div class=\"elementor-widget-container\">\n\t\t\t\t\t\t\t\t\t\t\t\t\t\t\t<img decoding=\"async\" width=\"300\" height=\"150\" src=\"https:\/\/stephan-buth.de\/wp-content\/uploads\/2021\/04\/schuppen_6_preview-300x150.jpg\" class=\"attachment-medium size-medium wp-image-1763\" alt=\"Panorama Schuppen 6 L\u00fcbeck\" srcset=\"https:\/\/stephan-buth.de\/wp-content\/uploads\/2021\/04\/schuppen_6_preview-300x150.jpg 300w, https:\/\/stephan-buth.de\/wp-content\/uploads\/2021\/04\/schuppen_6_preview-16x8.jpg 16w, https:\/\/stephan-buth.de\/wp-content\/uploads\/2021\/04\/schuppen_6_preview.jpg 700w\" sizes=\"(max-width: 300px) 100vw, 300px\" title=\"\">\t\t\t\t\t\t\t\t\t\t\t\t\t\t\t<\/div>\n\t\t\t\t<\/div>\n\t\t\t\t\t<\/div>\n\t\t<\/div>\n\t\t\t\t\t<\/div>\n\t\t<\/section>\n\t\t\t\t\t<\/div>\n\t\t<\/div>\n\t\t\t\t\t<\/div>\n\t\t<\/article>\n\t\t\t\t<\/div>","protected":false},"excerpt":{"rendered":"<p>Schuppen 6 Panoramabild Zur\u00fcck Panoramabild vom historischen Schuppen 6 im L\u00fcbecker Hafen. Der denkmalgesch\u00fctzte Schuppen kann f\u00fcr Veranstaltungen gemietet werden. Aufnahme vom 20.04.2021<\/p>","protected":false},"author":1,"featured_media":0,"parent":0,"menu_order":0,"comment_status":"closed","ping_status":"closed","template":"","meta":{"footnotes":""},"class_list":["post-1764","page","type-page","status-publish","hentry"],"_links":{"self":[{"href":"https:\/\/stephan-buth.de\/en\/wp-json\/wp\/v2\/pages\/1764","targetHints":{"allow":["GET"]}}],"collection":[{"href":"https:\/\/stephan-buth.de\/en\/wp-json\/wp\/v2\/pages"}],"about":[{"href":"https:\/\/stephan-buth.de\/en\/wp-json\/wp\/v2\/types\/page"}],"author":[{"embeddable":true,"href":"https:\/\/stephan-buth.de\/en\/wp-json\/wp\/v2\/users\/1"}],"replies":[{"embeddable":true,"href":"https:\/\/stephan-buth.de\/en\/wp-json\/wp\/v2\/comments?post=1764"}],"version-history":[{"count":15,"href":"https:\/\/stephan-buth.de\/en\/wp-json\/wp\/v2\/pages\/1764\/revisions"}],"predecessor-version":[{"id":1962,"href":"https:\/\/stephan-buth.de\/en\/wp-json\/wp\/v2\/pages\/1764\/revisions\/1962"}],"wp:attachment":[{"href":"https:\/\/stephan-buth.de\/en\/wp-json\/wp\/v2\/media?parent=1764"}],"curies":[{"name":"wp","href":"https:\/\/api.w.org\/{rel}","templated":true}]}}