{"id":1825,"date":"2021-04-30T05:02:55","date_gmt":"2021-04-30T03:02:55","guid":{"rendered":"https:\/\/stephan-buth.de\/?page_id=1825"},"modified":"2021-07-09T12:38:40","modified_gmt":"2021-07-09T10:38:40","slug":"eric-warburg-bruecke","status":"publish","type":"page","link":"https:\/\/stephan-buth.de\/en\/eric-warburg-bruecke","title":{"rendered":"Eric-Warburg-Br\u00fccke &#8211; Panorama"},"content":{"rendered":"<div data-elementor-type=\"wp-page\" data-elementor-id=\"1825\" class=\"elementor elementor-1825\">\n\t\t\t\t\t\t<header class=\"elementor-section elementor-top-section elementor-element elementor-element-4939cb29 elementor-section-boxed elementor-section-height-default elementor-section-height-default\" data-id=\"4939cb29\" data-element_type=\"section\" data-e-type=\"section\">\n\t\t\t\t\t\t<div class=\"elementor-container elementor-column-gap-default\">\n\t\t\t\t\t<div class=\"elementor-column elementor-col-100 elementor-top-column elementor-element elementor-element-38dce9f7\" data-id=\"38dce9f7\" data-element_type=\"column\" data-e-type=\"column\">\n\t\t\t<div class=\"elementor-widget-wrap elementor-element-populated\">\n\t\t\t\t\t\t<div class=\"elementor-element elementor-element-2ab49d47 elementor-widget elementor-widget-heading\" data-id=\"2ab49d47\" data-element_type=\"widget\" data-e-type=\"widget\" data-widget_type=\"heading.default\">\n\t\t\t\t<div class=\"elementor-widget-container\">\n\t\t\t\t\t<h2 class=\"elementor-heading-title elementor-size-default\">Eric-Warburg-Br\u00fccke <\/h2>\t\t\t\t<\/div>\n\t\t\t\t<\/div>\n\t\t\t\t\t<\/div>\n\t\t<\/div>\n\t\t\t\t\t<\/div>\n\t\t<\/header>\n\t\t\t\t<section class=\"elementor-section elementor-top-section elementor-element elementor-element-5ae6e62 elementor-section-boxed elementor-section-height-default elementor-section-height-default\" data-id=\"5ae6e62\" data-element_type=\"section\" data-e-type=\"section\">\n\t\t\t\t\t\t<div class=\"elementor-container elementor-column-gap-default\">\n\t\t\t\t\t<div class=\"elementor-column elementor-col-100 elementor-top-column elementor-element elementor-element-3e385528\" data-id=\"3e385528\" data-element_type=\"column\" data-e-type=\"column\">\n\t\t\t<div class=\"elementor-widget-wrap elementor-element-populated\">\n\t\t\t\t\t\t<div class=\"elementor-element elementor-element-3958a509 elementor-align-center elementor-widget elementor-widget-button\" data-id=\"3958a509\" data-element_type=\"widget\" data-e-type=\"widget\" data-widget_type=\"button.default\">\n\t\t\t\t<div class=\"elementor-widget-container\">\n\t\t\t\t\t\t\t\t\t<div class=\"elementor-button-wrapper\">\n\t\t\t\t\t<a class=\"elementor-button elementor-button-link elementor-size-sm\" href=\"https:\/\/stephan-buth.de\/en\/panorama-lubeck\/\">\n\t\t\t\t\t\t<span class=\"elementor-button-content-wrapper\">\n\t\t\t\t\t\t\t\t\t<span class=\"elementor-button-text\">Back<\/span>\n\t\t\t\t\t<\/span>\n\t\t\t\t\t<\/a>\n\t\t\t\t<\/div>\n\t\t\t\t\t\t\t\t<\/div>\n\t\t\t\t<\/div>\n\t\t\t\t\t<\/div>\n\t\t<\/div>\n\t\t\t\t\t<\/div>\n\t\t<\/section>\n\t\t\t\t<article class=\"elementor-section elementor-top-section elementor-element elementor-element-518dafe7 elementor-section-boxed elementor-section-height-default elementor-section-height-default\" data-id=\"518dafe7\" data-element_type=\"section\" data-e-type=\"section\">\n\t\t\t\t\t\t<div class=\"elementor-container elementor-column-gap-default\">\n\t\t\t\t\t<div class=\"elementor-column elementor-col-100 elementor-top-column elementor-element elementor-element-5bc90efc\" data-id=\"5bc90efc\" data-element_type=\"column\" data-e-type=\"column\">\n\t\t\t<div class=\"elementor-widget-wrap elementor-element-populated\">\n\t\t\t\t\t\t<section class=\"elementor-section elementor-inner-section elementor-element elementor-element-2473ade3 elementor-section-boxed elementor-section-height-default elementor-section-height-default\" data-id=\"2473ade3\" data-element_type=\"section\" data-e-type=\"section\">\n\t\t\t\t\t\t<div class=\"elementor-container elementor-column-gap-default\">\n\t\t\t\t\t<div class=\"elementor-column elementor-col-50 elementor-inner-column elementor-element elementor-element-21dc94ed\" data-id=\"21dc94ed\" data-element_type=\"column\" data-e-type=\"column\">\n\t\t\t<div class=\"elementor-widget-wrap elementor-element-populated\">\n\t\t\t\t\t\t<div class=\"elementor-element elementor-element-696ad9a elementor-widget elementor-widget-text-editor\" data-id=\"696ad9a\" data-element_type=\"widget\" data-e-type=\"widget\" data-widget_type=\"text-editor.default\">\n\t\t\t\t<div class=\"elementor-widget-container\">\n\t\t\t\t\t\t\t\t\t<p>Eric-Warburg Br\u00fccke.<br \/>Die Eric-Warburg-Br\u00fccke ist eine <a href=\"https:\/\/www.luebeck.de\/de\/stadtleben\/tourismus\/luebeck\/sehenswuerdigkeiten\/bruecken-von-luebeck\/eric-warburg-bruecke.html\" target=\"_blank\" rel=\"noopener\">Klappbr\u00fccke<\/a> \u00fcber die Trave. Das 2008 freigegebene Bauwerk entlastet die L\u00fcbecker Altstadt vom Durchgangsverkehr.<\/p><p>Aufnahme vom 25.04.2021<\/p>\t\t\t\t\t\t\t\t<\/div>\n\t\t\t\t<\/div>\n\t\t\t\t\t<\/div>\n\t\t<\/div>\n\t\t\t\t<div class=\"elementor-column elementor-col-50 elementor-inner-column elementor-element elementor-element-1b7103b\" data-id=\"1b7103b\" data-element_type=\"column\" data-e-type=\"column\">\n\t\t\t<div class=\"elementor-widget-wrap elementor-element-populated\">\n\t\t\t\t\t\t<div class=\"elementor-element elementor-element-6555a79 elementor-widget elementor-widget-image\" data-id=\"6555a79\" data-element_type=\"widget\" data-e-type=\"widget\" data-widget_type=\"image.default\">\n\t\t\t\t<div class=\"elementor-widget-container\">\n\t\t\t\t\t\t\t\t\t\t\t\t<figure class=\"wp-caption\">\n\t\t\t\t\t\t\t\t\t\t\t<a href=\"https:\/\/stephan-buth.de\/wp-content\/uploads\/2021\/05\/eric-warburg-bruecke.jpg\" data-elementor-open-lightbox=\"yes\" data-elementor-lightbox-title=\"eric-warburg-br\u00fccke\" data-elementor-lightbox-description=\"Die Eric-Warburg-Br\u00fccke ist eine Klappbr\u00fccke \u00fcber die Trave. Sie entlastet die L\u00fcbecker Altstadt vom Durchgangsverkehr.\" data-e-action-hash=\"#elementor-action%3Aaction%3Dlightbox%26settings%3DeyJpZCI6MTg2NywidXJsIjoiaHR0cHM6XC9cL3N0ZXBoYW4tYnV0aC5kZVwvd3AtY29udGVudFwvdXBsb2Fkc1wvMjAyMVwvMDVcL2VyaWMtd2FyYnVyZy1icnVlY2tlLmpwZyJ9\">\n\t\t\t\t\t\t\t<img decoding=\"async\" width=\"300\" height=\"150\" src=\"https:\/\/stephan-buth.de\/wp-content\/uploads\/2021\/05\/eric-warburg-bruecke-300x150.jpg\" class=\"attachment-medium size-medium wp-image-1867\" alt=\"Eric-Warburg-Br\u00fccke\" srcset=\"https:\/\/stephan-buth.de\/wp-content\/uploads\/2021\/05\/eric-warburg-bruecke-300x150.jpg 300w, https:\/\/stephan-buth.de\/wp-content\/uploads\/2021\/05\/eric-warburg-bruecke-1024x512.jpg 1024w, https:\/\/stephan-buth.de\/wp-content\/uploads\/2021\/05\/eric-warburg-bruecke-768x384.jpg 768w, https:\/\/stephan-buth.de\/wp-content\/uploads\/2021\/05\/eric-warburg-bruecke-1536x768.jpg 1536w, https:\/\/stephan-buth.de\/wp-content\/uploads\/2021\/05\/eric-warburg-bruecke-16x8.jpg 16w, https:\/\/stephan-buth.de\/wp-content\/uploads\/2021\/05\/eric-warburg-bruecke.jpg 2000w\" sizes=\"(max-width: 300px) 100vw, 300px\" title=\"\">\t\t\t\t\t\t\t\t<\/a>\n\t\t\t\t\t\t\t\t\t\t\t<figcaption class=\"widget-image-caption wp-caption-text\">Die Eric-Warburg-Br\u00fccke ist eine Klappbr\u00fccke \u00fcber die Trave. Sie entlastet die L\u00fcbecker Altstadt vom Durchgangsverkehr.<\/figcaption>\n\t\t\t\t\t\t\t\t\t\t<\/figure>\n\t\t\t\t\t\t\t\t\t<\/div>\n\t\t\t\t<\/div>\n\t\t\t\t\t<\/div>\n\t\t<\/div>\n\t\t\t\t\t<\/div>\n\t\t<\/section>\n\t\t\t\t\t<\/div>\n\t\t<\/div>\n\t\t\t\t\t<\/div>\n\t\t<\/article>\n\t\t\t\t<section class=\"elementor-section elementor-top-section elementor-element elementor-element-286ec4c1 elementor-section-content-middle elementor-section-boxed elementor-section-height-default elementor-section-height-default\" data-id=\"286ec4c1\" data-element_type=\"section\" data-e-type=\"section\">\n\t\t\t\t\t\t<div class=\"elementor-container elementor-column-gap-default\">\n\t\t\t\t\t<div class=\"elementor-column elementor-col-100 elementor-top-column elementor-element elementor-element-1f4ffd8a\" data-id=\"1f4ffd8a\" data-element_type=\"column\" data-e-type=\"column\">\n\t\t\t<div class=\"elementor-widget-wrap elementor-element-populated\">\n\t\t\t\t\t\t<div class=\"elementor-element elementor-element-52d03ad4 elementor-widget elementor-widget-text-editor\" data-id=\"52d03ad4\" data-element_type=\"widget\" data-e-type=\"widget\" data-widget_type=\"text-editor.default\">\n\t\t\t\t<div class=\"elementor-widget-container\">\n\t\t\t\t\t\t\t\t\t<iframe src=\"\/wp-content\/uploads\/panos\/pano_warburgbruecke\/pano_warburgbruecke.html\" width=\"700\" height=\"350\" frameborder=\"0\"><\/iframe>\t\t\t\t\t\t\t\t<\/div>\n\t\t\t\t<\/div>\n\t\t\t\t\t<\/div>\n\t\t<\/div>\n\t\t\t\t\t<\/div>\n\t\t<\/section>\n\t\t\t\t<\/div>","protected":false},"excerpt":{"rendered":"<p>Eric-Warburg-Br\u00fccke Zur\u00fcck Eric-Warburg Br\u00fccke.Die Eric-Warburg-Br\u00fccke ist eine Klappbr\u00fccke \u00fcber die Trave. Das 2008 freigegebene Bauwerk entlastet die L\u00fcbecker Altstadt vom Durchgangsverkehr. Aufnahme vom 25.04.2021 Die Eric-Warburg-Br\u00fccke ist eine Klappbr\u00fccke \u00fcber die Trave. Sie entlastet die L\u00fcbecker Altstadt vom Durchgangsverkehr.<\/p>","protected":false},"author":1,"featured_media":0,"parent":0,"menu_order":0,"comment_status":"closed","ping_status":"closed","template":"","meta":{"footnotes":""},"class_list":["post-1825","page","type-page","status-publish","hentry"],"_links":{"self":[{"href":"https:\/\/stephan-buth.de\/en\/wp-json\/wp\/v2\/pages\/1825","targetHints":{"allow":["GET"]}}],"collection":[{"href":"https:\/\/stephan-buth.de\/en\/wp-json\/wp\/v2\/pages"}],"about":[{"href":"https:\/\/stephan-buth.de\/en\/wp-json\/wp\/v2\/types\/page"}],"author":[{"embeddable":true,"href":"https:\/\/stephan-buth.de\/en\/wp-json\/wp\/v2\/users\/1"}],"replies":[{"embeddable":true,"href":"https:\/\/stephan-buth.de\/en\/wp-json\/wp\/v2\/comments?post=1825"}],"version-history":[{"count":21,"href":"https:\/\/stephan-buth.de\/en\/wp-json\/wp\/v2\/pages\/1825\/revisions"}],"predecessor-version":[{"id":1953,"href":"https:\/\/stephan-buth.de\/en\/wp-json\/wp\/v2\/pages\/1825\/revisions\/1953"}],"wp:attachment":[{"href":"https:\/\/stephan-buth.de\/en\/wp-json\/wp\/v2\/media?parent=1825"}],"curies":[{"name":"wp","href":"https:\/\/api.w.org\/{rel}","templated":true}]}}